{"id":1563,"date":"2016-11-16T15:01:21","date_gmt":"2016-11-16T15:01:21","guid":{"rendered":"http:\/\/kommunikation.gaertnerhkk.de\/?page_id=1563"},"modified":"2020-03-23T10:20:28","modified_gmt":"2020-03-23T10:20:28","slug":"lernplattform","status":"publish","type":"page","link":"http:\/\/kommunikation.gaertnerhkk.de\/?page_id=1563","title":{"rendered":"Lernplattform"},"content":{"rendered":"<p>Unsere Lernplattfom befindet sich im Aufbau. Sie erreichen den Lernraum unter:<\/p>\n<p><a href=\"http:\/\/deutsch.gaertnerhkk.de\">deutsch.gaertnerhkk.de<\/a><\/p>\n<p>Zur Zeit stehen Ihnen ausgew\u00e4hlte \u00dcbungen zur Verf\u00fcgung. Die Login-Informationen senden wir Ihnen gerne zu.<\/p>\n<p>Bitte nutzen Sie hierzu unser Kontaktformular.<\/p>\n<p>Viel Spa\u00df beim Lernen!<\/p>\n<p class=\"hide-if-no-js\">\n","protected":false},"excerpt":{"rendered":"Unsere Lernplattfom befindet sich im Aufbau. Sie erreichen den Lernraum unter: deutsch.gaertnerhkk.de Zur Zeit stehen Ihnen ausgew\u00e4hlte \u00dcbungen zur Verf\u00fcgung. Die Login-Informationen senden wir Ihnen gerne zu. Bitte nutzen Sie hierzu unser Kontaktformular. Viel Spa\u00df beim Lernen!","protected":false},"author":1,"featured_media":1309,"parent":0,"menu_order":0,"comment_status":"closed","ping_status":"closed","template":"","meta":{"footnotes":""},"class_list":["post-1563","page","type-page","status-publish","has-post-thumbnail","hentry"],"yoast_head":"<!-- This site is optimized with the Yoast SEO plugin v23.1 - https:\/\/yoast.com\/wordpress\/plugins\/seo\/ -->\n<title>Lernplattform - gaertner hkk<\/title>\n<meta name=\"robots\" content=\"index, follow, max-snippet:-1, max-image-preview:large, max-video-preview:-1\" \/>\n<link rel=\"canonical\" href=\"http:\/\/kommunikation.gaertnerhkk.de\/?page_id=1563\" \/>\n<meta property=\"og:locale\" content=\"de_DE\" \/>\n<meta property=\"og:type\" content=\"article\" \/>\n<meta property=\"og:title\" content=\"Lernplattform - gaertner hkk\" \/>\n<meta property=\"og:description\" content=\"Unsere Lernplattfom befindet sich im Aufbau. Sie erreichen den Lernraum unter: deutsch.gaertnerhkk.de Zur Zeit stehen Ihnen ausgew\u00e4hlte \u00dcbungen zur Verf\u00fcgung. Die Login-Informationen senden wir Ihnen gerne zu. Bitte nutzen Sie hierzu unser Kontaktformular. Viel Spa\u00df beim Lernen!\" \/>\n<meta property=\"og:url\" content=\"http:\/\/kommunikation.gaertnerhkk.de\/?page_id=1563\" \/>\n<meta property=\"og:site_name\" content=\"gaertner hkk\" \/>\n<meta property=\"article:publisher\" content=\"https:\/\/www.facebook.com\/gaertnerhkk.de\" \/>\n<meta property=\"article:modified_time\" content=\"2020-03-23T10:20:28+00:00\" \/>\n<meta property=\"og:image\" content=\"http:\/\/kommunikation.gaertnerhkk.de\/wp-content\/uploads\/2016\/06\/Fotolia_82646981_XS.jpg\" \/>\n\t<meta property=\"og:image:width\" content=\"537\" \/>\n\t<meta property=\"og:image:height\" content=\"223\" \/>\n\t<meta property=\"og:image:type\" content=\"image\/jpeg\" \/>\n<meta name=\"twitter:card\" content=\"summary_large_image\" \/>\n<script type=\"application\/ld+json\" class=\"yoast-schema-graph\">{\"@context\":\"https:\/\/schema.org\",\"@graph\":[{\"@type\":\"WebPage\",\"@id\":\"http:\/\/kommunikation.gaertnerhkk.de\/?page_id=1563\",\"url\":\"http:\/\/kommunikation.gaertnerhkk.de\/?page_id=1563\",\"name\":\"Lernplattform - gaertner hkk\",\"isPartOf\":{\"@id\":\"http:\/\/kommunikation.gaertnerhkk.de\/#website\"},\"primaryImageOfPage\":{\"@id\":\"http:\/\/kommunikation.gaertnerhkk.de\/?page_id=1563#primaryimage\"},\"image\":{\"@id\":\"http:\/\/kommunikation.gaertnerhkk.de\/?page_id=1563#primaryimage\"},\"thumbnailUrl\":\"http:\/\/kommunikation.gaertnerhkk.de\/wp-content\/uploads\/2016\/06\/Fotolia_82646981_XS.jpg\",\"datePublished\":\"2016-11-16T15:01:21+00:00\",\"dateModified\":\"2020-03-23T10:20:28+00:00\",\"breadcrumb\":{\"@id\":\"http:\/\/kommunikation.gaertnerhkk.de\/?page_id=1563#breadcrumb\"},\"inLanguage\":\"de-DE\",\"potentialAction\":[{\"@type\":\"ReadAction\",\"target\":[\"http:\/\/kommunikation.gaertnerhkk.de\/?page_id=1563\"]}]},{\"@type\":\"ImageObject\",\"inLanguage\":\"de-DE\",\"@id\":\"http:\/\/kommunikation.gaertnerhkk.de\/?page_id=1563#primaryimage\",\"url\":\"http:\/\/kommunikation.gaertnerhkk.de\/wp-content\/uploads\/2016\/06\/Fotolia_82646981_XS.jpg\",\"contentUrl\":\"http:\/\/kommunikation.gaertnerhkk.de\/wp-content\/uploads\/2016\/06\/Fotolia_82646981_XS.jpg\",\"width\":537,\"height\":223,\"caption\":\"Metal Welcome Text (isolated on white background)\"},{\"@type\":\"BreadcrumbList\",\"@id\":\"http:\/\/kommunikation.gaertnerhkk.de\/?page_id=1563#breadcrumb\",\"itemListElement\":[{\"@type\":\"ListItem\",\"position\":1,\"name\":\"Home\",\"item\":\"http:\/\/kommunikation.gaertnerhkk.de\/\"},{\"@type\":\"ListItem\",\"position\":2,\"name\":\"Lernplattform\"}]},{\"@type\":\"WebSite\",\"@id\":\"http:\/\/kommunikation.gaertnerhkk.de\/#website\",\"url\":\"http:\/\/kommunikation.gaertnerhkk.de\/\",\"name\":\"gaertner hkk\",\"description\":\"Bildungsmanufaktur\",\"potentialAction\":[{\"@type\":\"SearchAction\",\"target\":{\"@type\":\"EntryPoint\",\"urlTemplate\":\"http:\/\/kommunikation.gaertnerhkk.de\/?s={search_term_string}\"},\"query-input\":\"required name=search_term_string\"}],\"inLanguage\":\"de-DE\"}]}<\/script>\n<!-- \/ Yoast SEO plugin. -->","yoast_head_json":{"title":"Lernplattform - gaertner hkk","robots":{"index":"index","follow":"follow","max-snippet":"max-snippet:-1","max-image-preview":"max-image-preview:large","max-video-preview":"max-video-preview:-1"},"canonical":"http:\/\/kommunikation.gaertnerhkk.de\/?page_id=1563","og_locale":"de_DE","og_type":"article","og_title":"Lernplattform - gaertner hkk","og_description":"Unsere Lernplattfom befindet sich im Aufbau. Sie erreichen den Lernraum unter: deutsch.gaertnerhkk.de Zur Zeit stehen Ihnen ausgew\u00e4hlte \u00dcbungen zur Verf\u00fcgung. Die Login-Informationen senden wir Ihnen gerne zu. Bitte nutzen Sie hierzu unser Kontaktformular. Viel Spa\u00df beim Lernen!","og_url":"http:\/\/kommunikation.gaertnerhkk.de\/?page_id=1563","og_site_name":"gaertner hkk","article_publisher":"https:\/\/www.facebook.com\/gaertnerhkk.de","article_modified_time":"2020-03-23T10:20:28+00:00","og_image":[{"width":537,"height":223,"url":"http:\/\/kommunikation.gaertnerhkk.de\/wp-content\/uploads\/2016\/06\/Fotolia_82646981_XS.jpg","type":"image\/jpeg"}],"twitter_card":"summary_large_image","schema":{"@context":"https:\/\/schema.org","@graph":[{"@type":"WebPage","@id":"http:\/\/kommunikation.gaertnerhkk.de\/?page_id=1563","url":"http:\/\/kommunikation.gaertnerhkk.de\/?page_id=1563","name":"Lernplattform - gaertner hkk","isPartOf":{"@id":"http:\/\/kommunikation.gaertnerhkk.de\/#website"},"primaryImageOfPage":{"@id":"http:\/\/kommunikation.gaertnerhkk.de\/?page_id=1563#primaryimage"},"image":{"@id":"http:\/\/kommunikation.gaertnerhkk.de\/?page_id=1563#primaryimage"},"thumbnailUrl":"http:\/\/kommunikation.gaertnerhkk.de\/wp-content\/uploads\/2016\/06\/Fotolia_82646981_XS.jpg","datePublished":"2016-11-16T15:01:21+00:00","dateModified":"2020-03-23T10:20:28+00:00","breadcrumb":{"@id":"http:\/\/kommunikation.gaertnerhkk.de\/?page_id=1563#breadcrumb"},"inLanguage":"de-DE","potentialAction":[{"@type":"ReadAction","target":["http:\/\/kommunikation.gaertnerhkk.de\/?page_id=1563"]}]},{"@type":"ImageObject","inLanguage":"de-DE","@id":"http:\/\/kommunikation.gaertnerhkk.de\/?page_id=1563#primaryimage","url":"http:\/\/kommunikation.gaertnerhkk.de\/wp-content\/uploads\/2016\/06\/Fotolia_82646981_XS.jpg","contentUrl":"http:\/\/kommunikation.gaertnerhkk.de\/wp-content\/uploads\/2016\/06\/Fotolia_82646981_XS.jpg","width":537,"height":223,"caption":"Metal Welcome Text (isolated on white background)"},{"@type":"BreadcrumbList","@id":"http:\/\/kommunikation.gaertnerhkk.de\/?page_id=1563#breadcrumb","itemListElement":[{"@type":"ListItem","position":1,"name":"Home","item":"http:\/\/kommunikation.gaertnerhkk.de\/"},{"@type":"ListItem","position":2,"name":"Lernplattform"}]},{"@type":"WebSite","@id":"http:\/\/kommunikation.gaertnerhkk.de\/#website","url":"http:\/\/kommunikation.gaertnerhkk.de\/","name":"gaertner hkk","description":"Bildungsmanufaktur","potentialAction":[{"@type":"SearchAction","target":{"@type":"EntryPoint","urlTemplate":"http:\/\/kommunikation.gaertnerhkk.de\/?s={search_term_string}"},"query-input":"required name=search_term_string"}],"inLanguage":"de-DE"}]}},"_links":{"self":[{"href":"http:\/\/kommunikation.gaertnerhkk.de\/index.php?rest_route=\/wp\/v2\/pages\/1563"}],"collection":[{"href":"http:\/\/kommunikation.gaertnerhkk.de\/index.php?rest_route=\/wp\/v2\/pages"}],"about":[{"href":"http:\/\/kommunikation.gaertnerhkk.de\/index.php?rest_route=\/wp\/v2\/types\/page"}],"author":[{"embeddable":true,"href":"http:\/\/kommunikation.gaertnerhkk.de\/index.php?rest_route=\/wp\/v2\/users\/1"}],"replies":[{"embeddable":true,"href":"http:\/\/kommunikation.gaertnerhkk.de\/index.php?rest_route=%2Fwp%2Fv2%2Fcomments&post=1563"}],"version-history":[{"count":4,"href":"http:\/\/kommunikation.gaertnerhkk.de\/index.php?rest_route=\/wp\/v2\/pages\/1563\/revisions"}],"predecessor-version":[{"id":1900,"href":"http:\/\/kommunikation.gaertnerhkk.de\/index.php?rest_route=\/wp\/v2\/pages\/1563\/revisions\/1900"}],"wp:featuredmedia":[{"embeddable":true,"href":"http:\/\/kommunikation.gaertnerhkk.de\/index.php?rest_route=\/wp\/v2\/media\/1309"}],"wp:attachment":[{"href":"http:\/\/kommunikation.gaertnerhkk.de\/index.php?rest_route=%2Fwp%2Fv2%2Fmedia&parent=1563"}],"curies":[{"name":"wp","href":"https:\/\/api.w.org\/{rel}","templated":true}]}}