{"id":386,"date":"2015-06-26T14:12:50","date_gmt":"2015-06-26T14:12:50","guid":{"rendered":"http:\/\/kommunikation.gaertnerhkk.de\/?page_id=386"},"modified":"2016-07-27T10:49:39","modified_gmt":"2016-07-27T10:49:39","slug":"bewerbungsunterlagen-erstellung","status":"publish","type":"page","link":"http:\/\/kommunikation.gaertnerhkk.de\/?page_id=386","title":{"rendered":"Bewerbungsunterlagen Erstellung"},"content":{"rendered":"<h2>Unser Rundum-Sorglos-Paket<a id=\"set-post-thumbnail\" class=\"thickbox\" href=\"http:\/\/kommunikation.gaertnerhkk.de\/wp-admin\/media-upload.php?post_id=386&amp;type=image&amp;TB_iframe=1\"><img loading=\"lazy\" decoding=\"async\" class=\"attachment-266x266 size-266x266 alignright\" src=\"http:\/\/kommunikation.gaertnerhkk.de\/wp-content\/uploads\/2016\/07\/Header-2a-1-768x269.jpg\" sizes=\"(max-width: 266px) 100vw, 266px\" srcset=\"http:\/\/kommunikation.gaertnerhkk.de\/wp-content\/uploads\/2016\/07\/Header-2a-1-768x269.jpg 768w, http:\/\/kommunikation.gaertnerhkk.de\/wp-content\/uploads\/2016\/07\/Header-2a-1-300x105.jpg 300w, http:\/\/kommunikation.gaertnerhkk.de\/wp-content\/uploads\/2016\/07\/Header-2a-1-1024x358.jpg 1024w, http:\/\/kommunikation.gaertnerhkk.de\/wp-content\/uploads\/2016\/07\/Header-2a-1-e1469528943593.jpg 1332w\" alt=\"Header 2a\" width=\"266\" height=\"93\" \/><\/a><\/h2>\n<p class=\"hide-if-no-js\">\n<p>Ein individuelles Anschreiben sowie einen klar gegliederten Lebenslauf &#8211; Adaptionsm\u00f6glichkeiten auf weitere Stellenangebote.<\/p>\n<p>Bewerbungsoptimierte Unterlagen sind Ihre Eintrittskarte f\u00fcr das Vorstellungsgespr\u00e4ch.\u00a0 Mit unserem Know-how sorgen wir f\u00fcr einen gewinnbringenden Gesamteindruck. Auch bei au\u00dfergew\u00f6hnlichen Berufsbiografien sind \u00fcberzeugende Bewerbungsunterlagen ein Mu\u00df.<\/p>\n<ul>\n<li><strong>\u00dcberzeugender Gesamteindruck<\/strong><\/li>\n<li><strong>Gut formuliertes Anschreiben<\/strong><\/li>\n<li><strong>Klarer, stellenoptimierter Lebenslauf <\/strong><\/li>\n<\/ul>\n<p>Nicht jedem Bewerber gelingt es jedoch alleine, eine \u00fcberzeugende Bewerbung zu erstellen, ein gut klingendes Anschreiben zu verfassen, einen verst\u00e4ndlichen Lebenslauf zu schreiben und die Bewerbung mit weiteren Details zu optimieren, die den Mehrwert der Bewerbung klar darstellen.<\/p>\n<p>Wer hierbei Hilfe ben\u00f6tigt, findet Unterst\u00fctzung bei uns die richtige Anlaufstelle. Wir erstellen nach Ihren W\u00fcnschen Ihre komplette Bewerbungsmappe.<\/p>\n<p>Hierf\u00fcr greifen wir nicht auf Standards zur\u00fcck sondern entwickeln mit Ihnen Ihre <strong>individuelle Version, <\/strong>so dass Sie immer eine unverkennbare Bewerbung versenden k\u00f6nnen.<\/p>\n<p>Fragen?<\/p>\n<h3>Termine:<\/h3>\n<p>Rufen Sie uns an: <strong>0 68 31 \u2013 5 00 37 56<\/strong> oder hinterlassen Sie uns eine Nachricht \u00fcber das<\/p>\n<p><a href=\"http:\/\/kommunikation.gaertnerhkk.de\/?page_id=464\">Kontaktformular<\/a><a id=\"set-post-thumbnail\" class=\"thickbox\" title=\"Beitragsbild festlegen\" href=\"http:\/\/kommunikation.gaertnerhkk.de\/wp-admin\/media-upload.php?post_id=386&amp;type=image&amp;TB_iframe=1\"><img loading=\"lazy\" decoding=\"async\" class=\"attachment-266x266 alignright\" src=\"http:\/\/kommunikation.gaertnerhkk.de\/wp-content\/uploads\/2015\/06\/Fotolia_70191870_XS-300x212.jpg\" alt=\"Consulting concept. Chart with icons and Keywords\" width=\"266\" height=\"188\" \/><\/a><\/p>\n<p>Preise: ab 65,00 \u20ac\/Std.<\/p>\n<p><strong>F\u00f6rderung durch die Agentur f\u00fcr Arbeit, JobCenter, sonstige Tr\u00e4ger m\u00f6glich (AVGS-MAT)<br \/>\n<\/strong><\/p>\n","protected":false},"excerpt":{"rendered":"Unser Rundum-Sorglos-Paket Ein individuelles Anschreiben sowie einen klar gegliederten Lebenslauf &#8211; Adaptionsm\u00f6glichkeiten auf weitere Stellenangebote. Bewerbungsoptimierte Unterlagen sind Ihre Eintrittskarte f\u00fcr das Vorstellungsgespr\u00e4ch.\u00a0 Mit unserem Know-how sorgen wir f\u00fcr einen gewinnbringenden Gesamteindruck. Auch bei au\u00dfergew\u00f6hnlichen Berufsbiografien sind \u00fcberzeugende Bewerbungsunterlagen ein Mu\u00df. \u00dcberzeugender Gesamteindruck Gut formuliertes Anschreiben Klarer, stellenoptimierter Lebenslauf Nicht jedem Bewerber gelingt es jedoch ","protected":false},"author":1,"featured_media":1306,"parent":0,"menu_order":0,"comment_status":"open","ping_status":"open","template":"","meta":{"footnotes":""},"class_list":["post-386","page","type-page","status-publish","has-post-thumbnail","hentry"],"yoast_head":"<!-- This site is optimized with the Yoast SEO plugin v23.1 - https:\/\/yoast.com\/wordpress\/plugins\/seo\/ -->\n<title>Bewerbungsunterlagen Erstellung - gaertner hkk<\/title>\n<meta name=\"robots\" content=\"index, follow, max-snippet:-1, max-image-preview:large, max-video-preview:-1\" \/>\n<link rel=\"canonical\" href=\"http:\/\/kommunikation.gaertnerhkk.de\/?page_id=386\" \/>\n<meta property=\"og:locale\" content=\"de_DE\" \/>\n<meta property=\"og:type\" content=\"article\" \/>\n<meta property=\"og:title\" content=\"Bewerbungsunterlagen Erstellung - gaertner hkk\" \/>\n<meta property=\"og:description\" content=\"Unser Rundum-Sorglos-Paket Ein individuelles Anschreiben sowie einen klar gegliederten Lebenslauf &#8211; Adaptionsm\u00f6glichkeiten auf weitere Stellenangebote. Bewerbungsoptimierte Unterlagen sind Ihre Eintrittskarte f\u00fcr das Vorstellungsgespr\u00e4ch.\u00a0 Mit unserem Know-how sorgen wir f\u00fcr einen gewinnbringenden Gesamteindruck. Auch bei au\u00dfergew\u00f6hnlichen Berufsbiografien sind \u00fcberzeugende Bewerbungsunterlagen ein Mu\u00df. \u00dcberzeugender Gesamteindruck Gut formuliertes Anschreiben Klarer, stellenoptimierter Lebenslauf Nicht jedem Bewerber gelingt es jedoch\" \/>\n<meta property=\"og:url\" content=\"http:\/\/kommunikation.gaertnerhkk.de\/?page_id=386\" \/>\n<meta property=\"og:site_name\" content=\"gaertner hkk\" \/>\n<meta property=\"article:publisher\" content=\"https:\/\/www.facebook.com\/gaertnerhkk.de\" \/>\n<meta property=\"article:modified_time\" content=\"2016-07-27T10:49:39+00:00\" \/>\n<meta property=\"og:image\" content=\"http:\/\/kommunikation.gaertnerhkk.de\/wp-content\/uploads\/2016\/07\/Header-2a-1-e1469528943593.jpg\" \/>\n\t<meta property=\"og:image:width\" content=\"1332\" \/>\n\t<meta property=\"og:image:height\" content=\"466\" \/>\n\t<meta property=\"og:image:type\" content=\"image\/jpeg\" \/>\n<meta name=\"twitter:card\" content=\"summary_large_image\" \/>\n<meta name=\"twitter:label1\" content=\"Gesch\u00e4tzte Lesezeit\" \/>\n\t<meta name=\"twitter:data1\" content=\"1 Minute\" \/>\n<script type=\"application\/ld+json\" class=\"yoast-schema-graph\">{\"@context\":\"https:\/\/schema.org\",\"@graph\":[{\"@type\":\"WebPage\",\"@id\":\"http:\/\/kommunikation.gaertnerhkk.de\/?page_id=386\",\"url\":\"http:\/\/kommunikation.gaertnerhkk.de\/?page_id=386\",\"name\":\"Bewerbungsunterlagen Erstellung - gaertner hkk\",\"isPartOf\":{\"@id\":\"http:\/\/kommunikation.gaertnerhkk.de\/#website\"},\"primaryImageOfPage\":{\"@id\":\"http:\/\/kommunikation.gaertnerhkk.de\/?page_id=386#primaryimage\"},\"image\":{\"@id\":\"http:\/\/kommunikation.gaertnerhkk.de\/?page_id=386#primaryimage\"},\"thumbnailUrl\":\"http:\/\/kommunikation.gaertnerhkk.de\/wp-content\/uploads\/2016\/07\/Header-2a-1-e1469528943593.jpg\",\"datePublished\":\"2015-06-26T14:12:50+00:00\",\"dateModified\":\"2016-07-27T10:49:39+00:00\",\"breadcrumb\":{\"@id\":\"http:\/\/kommunikation.gaertnerhkk.de\/?page_id=386#breadcrumb\"},\"inLanguage\":\"de-DE\",\"potentialAction\":[{\"@type\":\"ReadAction\",\"target\":[\"http:\/\/kommunikation.gaertnerhkk.de\/?page_id=386\"]}]},{\"@type\":\"ImageObject\",\"inLanguage\":\"de-DE\",\"@id\":\"http:\/\/kommunikation.gaertnerhkk.de\/?page_id=386#primaryimage\",\"url\":\"http:\/\/kommunikation.gaertnerhkk.de\/wp-content\/uploads\/2016\/07\/Header-2a-1-e1469528943593.jpg\",\"contentUrl\":\"http:\/\/kommunikation.gaertnerhkk.de\/wp-content\/uploads\/2016\/07\/Header-2a-1-e1469528943593.jpg\",\"width\":1332,\"height\":466},{\"@type\":\"BreadcrumbList\",\"@id\":\"http:\/\/kommunikation.gaertnerhkk.de\/?page_id=386#breadcrumb\",\"itemListElement\":[{\"@type\":\"ListItem\",\"position\":1,\"name\":\"Home\",\"item\":\"http:\/\/kommunikation.gaertnerhkk.de\/\"},{\"@type\":\"ListItem\",\"position\":2,\"name\":\"Bewerbungsunterlagen Erstellung\"}]},{\"@type\":\"WebSite\",\"@id\":\"http:\/\/kommunikation.gaertnerhkk.de\/#website\",\"url\":\"http:\/\/kommunikation.gaertnerhkk.de\/\",\"name\":\"gaertner hkk\",\"description\":\"Bildungsmanufaktur\",\"potentialAction\":[{\"@type\":\"SearchAction\",\"target\":{\"@type\":\"EntryPoint\",\"urlTemplate\":\"http:\/\/kommunikation.gaertnerhkk.de\/?s={search_term_string}\"},\"query-input\":\"required name=search_term_string\"}],\"inLanguage\":\"de-DE\"}]}<\/script>\n<!-- \/ Yoast SEO plugin. -->","yoast_head_json":{"title":"Bewerbungsunterlagen Erstellung - gaertner hkk","robots":{"index":"index","follow":"follow","max-snippet":"max-snippet:-1","max-image-preview":"max-image-preview:large","max-video-preview":"max-video-preview:-1"},"canonical":"http:\/\/kommunikation.gaertnerhkk.de\/?page_id=386","og_locale":"de_DE","og_type":"article","og_title":"Bewerbungsunterlagen Erstellung - gaertner hkk","og_description":"Unser Rundum-Sorglos-Paket Ein individuelles Anschreiben sowie einen klar gegliederten Lebenslauf &#8211; Adaptionsm\u00f6glichkeiten auf weitere Stellenangebote. Bewerbungsoptimierte Unterlagen sind Ihre Eintrittskarte f\u00fcr das Vorstellungsgespr\u00e4ch.\u00a0 Mit unserem Know-how sorgen wir f\u00fcr einen gewinnbringenden Gesamteindruck. Auch bei au\u00dfergew\u00f6hnlichen Berufsbiografien sind \u00fcberzeugende Bewerbungsunterlagen ein Mu\u00df. \u00dcberzeugender Gesamteindruck Gut formuliertes Anschreiben Klarer, stellenoptimierter Lebenslauf Nicht jedem Bewerber gelingt es jedoch","og_url":"http:\/\/kommunikation.gaertnerhkk.de\/?page_id=386","og_site_name":"gaertner hkk","article_publisher":"https:\/\/www.facebook.com\/gaertnerhkk.de","article_modified_time":"2016-07-27T10:49:39+00:00","og_image":[{"width":1332,"height":466,"url":"http:\/\/kommunikation.gaertnerhkk.de\/wp-content\/uploads\/2016\/07\/Header-2a-1-e1469528943593.jpg","type":"image\/jpeg"}],"twitter_card":"summary_large_image","twitter_misc":{"Gesch\u00e4tzte Lesezeit":"1 Minute"},"schema":{"@context":"https:\/\/schema.org","@graph":[{"@type":"WebPage","@id":"http:\/\/kommunikation.gaertnerhkk.de\/?page_id=386","url":"http:\/\/kommunikation.gaertnerhkk.de\/?page_id=386","name":"Bewerbungsunterlagen Erstellung - gaertner hkk","isPartOf":{"@id":"http:\/\/kommunikation.gaertnerhkk.de\/#website"},"primaryImageOfPage":{"@id":"http:\/\/kommunikation.gaertnerhkk.de\/?page_id=386#primaryimage"},"image":{"@id":"http:\/\/kommunikation.gaertnerhkk.de\/?page_id=386#primaryimage"},"thumbnailUrl":"http:\/\/kommunikation.gaertnerhkk.de\/wp-content\/uploads\/2016\/07\/Header-2a-1-e1469528943593.jpg","datePublished":"2015-06-26T14:12:50+00:00","dateModified":"2016-07-27T10:49:39+00:00","breadcrumb":{"@id":"http:\/\/kommunikation.gaertnerhkk.de\/?page_id=386#breadcrumb"},"inLanguage":"de-DE","potentialAction":[{"@type":"ReadAction","target":["http:\/\/kommunikation.gaertnerhkk.de\/?page_id=386"]}]},{"@type":"ImageObject","inLanguage":"de-DE","@id":"http:\/\/kommunikation.gaertnerhkk.de\/?page_id=386#primaryimage","url":"http:\/\/kommunikation.gaertnerhkk.de\/wp-content\/uploads\/2016\/07\/Header-2a-1-e1469528943593.jpg","contentUrl":"http:\/\/kommunikation.gaertnerhkk.de\/wp-content\/uploads\/2016\/07\/Header-2a-1-e1469528943593.jpg","width":1332,"height":466},{"@type":"BreadcrumbList","@id":"http:\/\/kommunikation.gaertnerhkk.de\/?page_id=386#breadcrumb","itemListElement":[{"@type":"ListItem","position":1,"name":"Home","item":"http:\/\/kommunikation.gaertnerhkk.de\/"},{"@type":"ListItem","position":2,"name":"Bewerbungsunterlagen Erstellung"}]},{"@type":"WebSite","@id":"http:\/\/kommunikation.gaertnerhkk.de\/#website","url":"http:\/\/kommunikation.gaertnerhkk.de\/","name":"gaertner hkk","description":"Bildungsmanufaktur","potentialAction":[{"@type":"SearchAction","target":{"@type":"EntryPoint","urlTemplate":"http:\/\/kommunikation.gaertnerhkk.de\/?s={search_term_string}"},"query-input":"required name=search_term_string"}],"inLanguage":"de-DE"}]}},"_links":{"self":[{"href":"http:\/\/kommunikation.gaertnerhkk.de\/index.php?rest_route=\/wp\/v2\/pages\/386"}],"collection":[{"href":"http:\/\/kommunikation.gaertnerhkk.de\/index.php?rest_route=\/wp\/v2\/pages"}],"about":[{"href":"http:\/\/kommunikation.gaertnerhkk.de\/index.php?rest_route=\/wp\/v2\/types\/page"}],"author":[{"embeddable":true,"href":"http:\/\/kommunikation.gaertnerhkk.de\/index.php?rest_route=\/wp\/v2\/users\/1"}],"replies":[{"embeddable":true,"href":"http:\/\/kommunikation.gaertnerhkk.de\/index.php?rest_route=%2Fwp%2Fv2%2Fcomments&post=386"}],"version-history":[{"count":8,"href":"http:\/\/kommunikation.gaertnerhkk.de\/index.php?rest_route=\/wp\/v2\/pages\/386\/revisions"}],"predecessor-version":[{"id":390,"href":"http:\/\/kommunikation.gaertnerhkk.de\/index.php?rest_route=\/wp\/v2\/pages\/386\/revisions\/390"}],"wp:featuredmedia":[{"embeddable":true,"href":"http:\/\/kommunikation.gaertnerhkk.de\/index.php?rest_route=\/wp\/v2\/media\/1306"}],"wp:attachment":[{"href":"http:\/\/kommunikation.gaertnerhkk.de\/index.php?rest_route=%2Fwp%2Fv2%2Fmedia&parent=386"}],"curies":[{"name":"wp","href":"https:\/\/api.w.org\/{rel}","templated":true}]}}