{"id":395,"date":"2015-06-26T14:23:04","date_gmt":"2015-06-26T14:23:04","guid":{"rendered":"http:\/\/kommunikation.gaertnerhkk.de\/?page_id=395"},"modified":"2016-07-27T10:48:15","modified_gmt":"2016-07-27T10:48:15","slug":"berufsorientierung","status":"publish","type":"page","link":"http:\/\/kommunikation.gaertnerhkk.de\/?page_id=395","title":{"rendered":"Berufsorientierung"},"content":{"rendered":"<h2>Qual der Wahl? Wir bringen Sie auf den richtigen Weg !<a id=\"set-post-thumbnail\" class=\"thickbox\" href=\"http:\/\/kommunikation.gaertnerhkk.de\/wp-admin\/media-upload.php?post_id=395&amp;type=image&amp;TB_iframe=1\"><img loading=\"lazy\" decoding=\"async\" class=\"attachment-266x266 size-266x266 alignright\" src=\"http:\/\/kommunikation.gaertnerhkk.de\/wp-content\/uploads\/2016\/07\/Header-2a-1-768x269.jpg\" sizes=\"(max-width: 266px) 100vw, 266px\" srcset=\"http:\/\/kommunikation.gaertnerhkk.de\/wp-content\/uploads\/2016\/07\/Header-2a-1-768x269.jpg 768w, http:\/\/kommunikation.gaertnerhkk.de\/wp-content\/uploads\/2016\/07\/Header-2a-1-300x105.jpg 300w, http:\/\/kommunikation.gaertnerhkk.de\/wp-content\/uploads\/2016\/07\/Header-2a-1-1024x358.jpg 1024w, http:\/\/kommunikation.gaertnerhkk.de\/wp-content\/uploads\/2016\/07\/Header-2a-1-e1469528943593.jpg 1332w\" alt=\"Header 2a\" width=\"266\" height=\"93\" \/><\/a><\/h2>\n<p class=\"hide-if-no-js\">\n<h2><\/h2>\n<p>Der Beruf, eine Entscheidung f\u00fcr Ihr Leben. Schulnoten oder Interessen. Beides Argumente, die die Berufswahl entscheiden.<\/p>\n<p>Aber viel wichtiger:<\/p>\n<ul>\n<li>Was interessiert Sie wirklich?<\/li>\n<li>Wo liegen Ihre Talente?<\/li>\n<li>Welche Weichenstellungen sind jetzt wichtig?<\/li>\n<\/ul>\n<p>Mit uns erhalten Sie die Antworten auf die entscheidenden Fragen f\u00fcr Ihre richtige Berufswahl und f\u00fcr Ihre Weiterbildungsstrategien. Wir unterst\u00fctzen Sie dabei, die sich in der \u00dcberlegungs- und Entscheidungsphase stellenden Fragen ganz pers\u00f6nlich f\u00fcr sich selbst zu beantworten.<\/p>\n<p>Ein Seminar mit einem\u00a0 psychologisch geschulten Berater wird Ihnen Ihre Perspektiven er\u00f6ffnen und viele Anregungen f\u00fcr die Gestaltung Ihrer beruflichen und pers\u00f6nlichen Zukunft geben.<\/p>\n<p><strong>Termine:<\/strong><\/p>\n<p>Rufen Sie uns an: <strong>0 68 31 \u2013 5 00 37 56<\/strong> oder hinterlassen Sie uns eine Nachricht \u00fcber das<\/p>\n<p><a href=\"http:\/\/kommunikation.gaertnerhkk.de\/?page_id=464\">Kontaktformular<\/a><\/p>\n<p>Preise: ab 65,00 \u20ac\/Std.<\/p>\n<p><strong><a id=\"set-post-thumbnail\" class=\"thickbox\" title=\"Beitragsbild festlegen\" href=\"http:\/\/kommunikation.gaertnerhkk.de\/wp-admin\/media-upload.php?post_id=395&amp;type=image&amp;TB_iframe=1\"><img loading=\"lazy\" decoding=\"async\" class=\"attachment-266x266 alignright\" src=\"http:\/\/kommunikation.gaertnerhkk.de\/wp-content\/uploads\/2015\/06\/Fotolia_78885265_XS-300x194.jpg\" alt=\"teamwork\" width=\"266\" height=\"172\" \/><\/a><\/strong><\/p>\n","protected":false},"excerpt":{"rendered":"Qual der Wahl? Wir bringen Sie auf den richtigen Weg ! Der Beruf, eine Entscheidung f\u00fcr Ihr Leben. Schulnoten oder Interessen. Beides Argumente, die die Berufswahl entscheiden. Aber viel wichtiger: Was interessiert Sie wirklich? Wo liegen Ihre Talente? Welche Weichenstellungen sind jetzt wichtig? Mit uns erhalten Sie die Antworten auf die entscheidenden Fragen f\u00fcr Ihre ","protected":false},"author":1,"featured_media":0,"parent":0,"menu_order":0,"comment_status":"open","ping_status":"open","template":"","meta":{"footnotes":""},"class_list":["post-395","page","type-page","status-publish","hentry"],"yoast_head":"<!-- This site is optimized with the Yoast SEO plugin v23.1 - https:\/\/yoast.com\/wordpress\/plugins\/seo\/ -->\n<title>Berufsorientierung - gaertner hkk<\/title>\n<meta name=\"robots\" content=\"index, follow, max-snippet:-1, max-image-preview:large, max-video-preview:-1\" \/>\n<link rel=\"canonical\" href=\"http:\/\/kommunikation.gaertnerhkk.de\/?page_id=395\" \/>\n<meta property=\"og:locale\" content=\"de_DE\" \/>\n<meta property=\"og:type\" content=\"article\" \/>\n<meta property=\"og:title\" content=\"Berufsorientierung - gaertner hkk\" \/>\n<meta property=\"og:description\" content=\"Qual der Wahl? Wir bringen Sie auf den richtigen Weg ! Der Beruf, eine Entscheidung f\u00fcr Ihr Leben. Schulnoten oder Interessen. Beides Argumente, die die Berufswahl entscheiden. Aber viel wichtiger: Was interessiert Sie wirklich? Wo liegen Ihre Talente? Welche Weichenstellungen sind jetzt wichtig? Mit uns erhalten Sie die Antworten auf die entscheidenden Fragen f\u00fcr Ihre\" \/>\n<meta property=\"og:url\" content=\"http:\/\/kommunikation.gaertnerhkk.de\/?page_id=395\" \/>\n<meta property=\"og:site_name\" content=\"gaertner hkk\" \/>\n<meta property=\"article:publisher\" content=\"https:\/\/www.facebook.com\/gaertnerhkk.de\" \/>\n<meta property=\"article:modified_time\" content=\"2016-07-27T10:48:15+00:00\" \/>\n<meta property=\"og:image\" content=\"http:\/\/kommunikation.gaertnerhkk.de\/wp-content\/uploads\/2016\/07\/Header-2a-1-768x269.jpg\" \/>\n<meta name=\"twitter:card\" content=\"summary_large_image\" \/>\n<meta name=\"twitter:label1\" content=\"Gesch\u00e4tzte Lesezeit\" \/>\n\t<meta name=\"twitter:data1\" content=\"1 Minute\" \/>\n<script type=\"application\/ld+json\" class=\"yoast-schema-graph\">{\"@context\":\"https:\/\/schema.org\",\"@graph\":[{\"@type\":\"WebPage\",\"@id\":\"http:\/\/kommunikation.gaertnerhkk.de\/?page_id=395\",\"url\":\"http:\/\/kommunikation.gaertnerhkk.de\/?page_id=395\",\"name\":\"Berufsorientierung - gaertner hkk\",\"isPartOf\":{\"@id\":\"http:\/\/kommunikation.gaertnerhkk.de\/#website\"},\"primaryImageOfPage\":{\"@id\":\"http:\/\/kommunikation.gaertnerhkk.de\/?page_id=395#primaryimage\"},\"image\":{\"@id\":\"http:\/\/kommunikation.gaertnerhkk.de\/?page_id=395#primaryimage\"},\"thumbnailUrl\":\"http:\/\/kommunikation.gaertnerhkk.de\/wp-content\/uploads\/2016\/07\/Header-2a-1-768x269.jpg\",\"datePublished\":\"2015-06-26T14:23:04+00:00\",\"dateModified\":\"2016-07-27T10:48:15+00:00\",\"breadcrumb\":{\"@id\":\"http:\/\/kommunikation.gaertnerhkk.de\/?page_id=395#breadcrumb\"},\"inLanguage\":\"de-DE\",\"potentialAction\":[{\"@type\":\"ReadAction\",\"target\":[\"http:\/\/kommunikation.gaertnerhkk.de\/?page_id=395\"]}]},{\"@type\":\"ImageObject\",\"inLanguage\":\"de-DE\",\"@id\":\"http:\/\/kommunikation.gaertnerhkk.de\/?page_id=395#primaryimage\",\"url\":\"http:\/\/kommunikation.gaertnerhkk.de\/wp-content\/uploads\/2016\/07\/Header-2a-1-768x269.jpg\",\"contentUrl\":\"http:\/\/kommunikation.gaertnerhkk.de\/wp-content\/uploads\/2016\/07\/Header-2a-1-768x269.jpg\"},{\"@type\":\"BreadcrumbList\",\"@id\":\"http:\/\/kommunikation.gaertnerhkk.de\/?page_id=395#breadcrumb\",\"itemListElement\":[{\"@type\":\"ListItem\",\"position\":1,\"name\":\"Home\",\"item\":\"http:\/\/kommunikation.gaertnerhkk.de\/\"},{\"@type\":\"ListItem\",\"position\":2,\"name\":\"Berufsorientierung\"}]},{\"@type\":\"WebSite\",\"@id\":\"http:\/\/kommunikation.gaertnerhkk.de\/#website\",\"url\":\"http:\/\/kommunikation.gaertnerhkk.de\/\",\"name\":\"gaertner hkk\",\"description\":\"Bildungsmanufaktur\",\"potentialAction\":[{\"@type\":\"SearchAction\",\"target\":{\"@type\":\"EntryPoint\",\"urlTemplate\":\"http:\/\/kommunikation.gaertnerhkk.de\/?s={search_term_string}\"},\"query-input\":\"required name=search_term_string\"}],\"inLanguage\":\"de-DE\"}]}<\/script>\n<!-- \/ Yoast SEO plugin. -->","yoast_head_json":{"title":"Berufsorientierung - gaertner hkk","robots":{"index":"index","follow":"follow","max-snippet":"max-snippet:-1","max-image-preview":"max-image-preview:large","max-video-preview":"max-video-preview:-1"},"canonical":"http:\/\/kommunikation.gaertnerhkk.de\/?page_id=395","og_locale":"de_DE","og_type":"article","og_title":"Berufsorientierung - gaertner hkk","og_description":"Qual der Wahl? Wir bringen Sie auf den richtigen Weg ! Der Beruf, eine Entscheidung f\u00fcr Ihr Leben. Schulnoten oder Interessen. Beides Argumente, die die Berufswahl entscheiden. Aber viel wichtiger: Was interessiert Sie wirklich? Wo liegen Ihre Talente? Welche Weichenstellungen sind jetzt wichtig? Mit uns erhalten Sie die Antworten auf die entscheidenden Fragen f\u00fcr Ihre","og_url":"http:\/\/kommunikation.gaertnerhkk.de\/?page_id=395","og_site_name":"gaertner hkk","article_publisher":"https:\/\/www.facebook.com\/gaertnerhkk.de","article_modified_time":"2016-07-27T10:48:15+00:00","og_image":[{"url":"http:\/\/kommunikation.gaertnerhkk.de\/wp-content\/uploads\/2016\/07\/Header-2a-1-768x269.jpg"}],"twitter_card":"summary_large_image","twitter_misc":{"Gesch\u00e4tzte Lesezeit":"1 Minute"},"schema":{"@context":"https:\/\/schema.org","@graph":[{"@type":"WebPage","@id":"http:\/\/kommunikation.gaertnerhkk.de\/?page_id=395","url":"http:\/\/kommunikation.gaertnerhkk.de\/?page_id=395","name":"Berufsorientierung - gaertner hkk","isPartOf":{"@id":"http:\/\/kommunikation.gaertnerhkk.de\/#website"},"primaryImageOfPage":{"@id":"http:\/\/kommunikation.gaertnerhkk.de\/?page_id=395#primaryimage"},"image":{"@id":"http:\/\/kommunikation.gaertnerhkk.de\/?page_id=395#primaryimage"},"thumbnailUrl":"http:\/\/kommunikation.gaertnerhkk.de\/wp-content\/uploads\/2016\/07\/Header-2a-1-768x269.jpg","datePublished":"2015-06-26T14:23:04+00:00","dateModified":"2016-07-27T10:48:15+00:00","breadcrumb":{"@id":"http:\/\/kommunikation.gaertnerhkk.de\/?page_id=395#breadcrumb"},"inLanguage":"de-DE","potentialAction":[{"@type":"ReadAction","target":["http:\/\/kommunikation.gaertnerhkk.de\/?page_id=395"]}]},{"@type":"ImageObject","inLanguage":"de-DE","@id":"http:\/\/kommunikation.gaertnerhkk.de\/?page_id=395#primaryimage","url":"http:\/\/kommunikation.gaertnerhkk.de\/wp-content\/uploads\/2016\/07\/Header-2a-1-768x269.jpg","contentUrl":"http:\/\/kommunikation.gaertnerhkk.de\/wp-content\/uploads\/2016\/07\/Header-2a-1-768x269.jpg"},{"@type":"BreadcrumbList","@id":"http:\/\/kommunikation.gaertnerhkk.de\/?page_id=395#breadcrumb","itemListElement":[{"@type":"ListItem","position":1,"name":"Home","item":"http:\/\/kommunikation.gaertnerhkk.de\/"},{"@type":"ListItem","position":2,"name":"Berufsorientierung"}]},{"@type":"WebSite","@id":"http:\/\/kommunikation.gaertnerhkk.de\/#website","url":"http:\/\/kommunikation.gaertnerhkk.de\/","name":"gaertner hkk","description":"Bildungsmanufaktur","potentialAction":[{"@type":"SearchAction","target":{"@type":"EntryPoint","urlTemplate":"http:\/\/kommunikation.gaertnerhkk.de\/?s={search_term_string}"},"query-input":"required name=search_term_string"}],"inLanguage":"de-DE"}]}},"_links":{"self":[{"href":"http:\/\/kommunikation.gaertnerhkk.de\/index.php?rest_route=\/wp\/v2\/pages\/395"}],"collection":[{"href":"http:\/\/kommunikation.gaertnerhkk.de\/index.php?rest_route=\/wp\/v2\/pages"}],"about":[{"href":"http:\/\/kommunikation.gaertnerhkk.de\/index.php?rest_route=\/wp\/v2\/types\/page"}],"author":[{"embeddable":true,"href":"http:\/\/kommunikation.gaertnerhkk.de\/index.php?rest_route=\/wp\/v2\/users\/1"}],"replies":[{"embeddable":true,"href":"http:\/\/kommunikation.gaertnerhkk.de\/index.php?rest_route=%2Fwp%2Fv2%2Fcomments&post=395"}],"version-history":[{"count":6,"href":"http:\/\/kommunikation.gaertnerhkk.de\/index.php?rest_route=\/wp\/v2\/pages\/395\/revisions"}],"predecessor-version":[{"id":399,"href":"http:\/\/kommunikation.gaertnerhkk.de\/index.php?rest_route=\/wp\/v2\/pages\/395\/revisions\/399"}],"wp:attachment":[{"href":"http:\/\/kommunikation.gaertnerhkk.de\/index.php?rest_route=%2Fwp%2Fv2%2Fmedia&parent=395"}],"curies":[{"name":"wp","href":"https:\/\/api.w.org\/{rel}","templated":true}]}}