{"id":47,"date":"2015-05-22T10:13:40","date_gmt":"2015-05-22T10:13:40","guid":{"rendered":"http:\/\/kommunikation.gaertnerhkk.de\/?page_id=47"},"modified":"2021-09-22T14:09:59","modified_gmt":"2021-09-22T14:09:59","slug":"sonderangebot-tipp-trainer","status":"publish","type":"page","link":"http:\/\/kommunikation.gaertnerhkk.de\/?page_id=47","title":{"rendered":"Computerschreiben &#8211; TippTrainer"},"content":{"rendered":"<p>Egal ob Sie Sch\u00fcler, Angestellter oder Rentner sind, wer professionell Computerschreiben kann, profitiert in vielen Bereichen.<\/p>\n<p style=\"padding-left: 40px;\"><strong><span style=\"color: #ff0000;\">Kursinhalt:<\/span><\/strong><\/p>\n<p style=\"padding-left: 40px;\">1. Termin:<\/p>\n<p style=\"padding-left: 40px;\">Schreiben mit den f\u00fcnf Fingern der linken Hand:<br \/>\nBuchstaben, Zahlen und Sonderzeichen der linken Hand<\/p>\n<p style=\"padding-left: 40px;\">2. Termin:<\/p>\n<p style=\"padding-left: 40px;\">Schreiben mit der rechten Hand<br \/>\nBuchstaben, Zahlen und Sonderzeichen der rechten Hand<\/p>\n<p style=\"padding-left: 40px;\"><span style=\"color: #ff0000;\"><strong>Kurstermine: <\/strong><\/span><\/p>\n<p style=\"padding-left: 40px;\">Dienstag und Donnerstag von 17 bis 19 h<\/p>\n<p style=\"padding-left: 40px;\"><strong><span style=\"color: #ff0000;\">Rahmen: <\/span><\/strong><\/p>\n<p style=\"padding-left: 40px;\">Max. vier Teilnehmer<\/p>\n<p style=\"padding-left: 40px;\"><span style=\"color: #ff0000;\"><strong>Kursgeb\u00fchr:<\/strong><\/span><\/p>\n<p style=\"padding-left: 40px;\"><strong>\u20ac 99,00\/Kurs 4 Stunden<\/strong><\/p>\n<p>Im Preis enthalten: Kursheft und Zugang zum Online-Tipptrainer &#8211; Begleitend zum Unterricht erh\u00e4lt jeder Teilnehmer ein Kursheft und einen Zugang zu einem sehr guten Online-Tipptrainer zum Trainieren von Tempo und Genauigkeit.<\/p>\n<p>In diesem modernen Kurs lernen Sie Computerschreiben blind mit 10 Fingern \u2013 und das in nur 2 Treffen zu je 2 Stunden! Die Methode ist einfach und genial! Es werden Erkenntnisse aus der Gehirnforschung, P\u00e4dagogik und Ged\u00e4chtnistraining genutzt und miteinander verbunden.<\/p>\n<p>Lernen Sie ganzheitlich und spielerisch mit interessanten H\u00f6rgeschichten, einpr\u00e4gsamen Bildern, lebhaften Ger\u00e4uschen und beruhigender Musik. Jeder Buchstabe der Tastatur ist mit einem Bild und einer Farbe verkn\u00fcpft. Diese Bilder ergeben eine zusammenh\u00e4ngende Geschichte, die eine einfache Orientierung auf der Tastatur erm\u00f6glicht.<\/p>\n<p>Bei dieser Lernmethode gibt es kein stures Einh\u00e4mmern auf die Tasten und keine frustrierenden Wiederholungen. Im Gegenteil: Es macht damit richtig Spa\u00df, tippen zu lernen!<\/p>\n<p><strong><span style=\"color: #ff0000;\">Die Vorteile auf einen Blick<\/span><\/strong><\/p>\n<ul>\n<li>Sehr kurze Kursdauer. Nur 4 Stunden statt 30 Stunden.<\/li>\n<li>Effektive Unterrichtsmethode. Ganzheitliches, entspanntes Lernen.<\/li>\n<li>Enorme Zeitersparnis beim Tippen.<\/li>\n<li>Im 10-Finger-System schreiben Sie mindestens doppelt so schnell als mit dem 2-Finger-Suchsystem.<\/li>\n<li>Professionelles Arbeiten. Blind schreiben und dabei den Bildschirm oder den Kunden anschauen.<\/li>\n<li>Sofort im Alltag anwendbar. Direkt ganze S\u00e4tze schreiben statt monoton Buchstaben \u00fcben.<\/li>\n<li>Online-Tipptrainer. Trainieren von Tempo und Genauigkeit.<\/li>\n<li>F\u00fcr jedes Alter. Von 9 bis 99 Jahren. Der Kurs ist f\u00fcr altersgemischte Gruppen gut geeignet.<\/li>\n<\/ul>\n","protected":false},"excerpt":{"rendered":"Egal ob Sie Sch\u00fcler, Angestellter oder Rentner sind, wer professionell Computerschreiben kann, profitiert in vielen Bereichen. Kursinhalt: 1. Termin: Schreiben mit den f\u00fcnf Fingern der linken Hand: Buchstaben, Zahlen und Sonderzeichen der linken Hand 2. Termin: Schreiben mit der rechten Hand Buchstaben, Zahlen und Sonderzeichen der rechten Hand Kurstermine: Dienstag und Donnerstag von 17 bis ","protected":false},"author":1,"featured_media":0,"parent":1221,"menu_order":2,"comment_status":"open","ping_status":"open","template":"","meta":{"footnotes":""},"class_list":["post-47","page","type-page","status-publish","hentry"],"yoast_head":"<!-- This site is optimized with the Yoast SEO plugin v23.1 - https:\/\/yoast.com\/wordpress\/plugins\/seo\/ -->\n<title>Computerschreiben - TippTrainer - gaertner hkk<\/title>\n<meta name=\"robots\" content=\"index, follow, max-snippet:-1, max-image-preview:large, max-video-preview:-1\" \/>\n<link rel=\"canonical\" href=\"http:\/\/kommunikation.gaertnerhkk.de\/?page_id=47\" \/>\n<meta property=\"og:locale\" content=\"de_DE\" \/>\n<meta property=\"og:type\" content=\"article\" \/>\n<meta property=\"og:title\" content=\"Computerschreiben - TippTrainer - gaertner hkk\" \/>\n<meta property=\"og:description\" content=\"Egal ob Sie Sch\u00fcler, Angestellter oder Rentner sind, wer professionell Computerschreiben kann, profitiert in vielen Bereichen. Kursinhalt: 1. Termin: Schreiben mit den f\u00fcnf Fingern der linken Hand: Buchstaben, Zahlen und Sonderzeichen der linken Hand 2. Termin: Schreiben mit der rechten Hand Buchstaben, Zahlen und Sonderzeichen der rechten Hand Kurstermine: Dienstag und Donnerstag von 17 bis\" \/>\n<meta property=\"og:url\" content=\"http:\/\/kommunikation.gaertnerhkk.de\/?page_id=47\" \/>\n<meta property=\"og:site_name\" content=\"gaertner hkk\" \/>\n<meta property=\"article:publisher\" content=\"https:\/\/www.facebook.com\/gaertnerhkk.de\" \/>\n<meta property=\"article:modified_time\" content=\"2021-09-22T14:09:59+00:00\" \/>\n<meta name=\"twitter:card\" content=\"summary_large_image\" \/>\n<meta name=\"twitter:label1\" content=\"Gesch\u00e4tzte Lesezeit\" \/>\n\t<meta name=\"twitter:data1\" content=\"2 Minuten\" \/>\n<script type=\"application\/ld+json\" class=\"yoast-schema-graph\">{\"@context\":\"https:\/\/schema.org\",\"@graph\":[{\"@type\":\"WebPage\",\"@id\":\"http:\/\/kommunikation.gaertnerhkk.de\/?page_id=47\",\"url\":\"http:\/\/kommunikation.gaertnerhkk.de\/?page_id=47\",\"name\":\"Computerschreiben - TippTrainer - gaertner hkk\",\"isPartOf\":{\"@id\":\"http:\/\/kommunikation.gaertnerhkk.de\/#website\"},\"datePublished\":\"2015-05-22T10:13:40+00:00\",\"dateModified\":\"2021-09-22T14:09:59+00:00\",\"breadcrumb\":{\"@id\":\"http:\/\/kommunikation.gaertnerhkk.de\/?page_id=47#breadcrumb\"},\"inLanguage\":\"de-DE\",\"potentialAction\":[{\"@type\":\"ReadAction\",\"target\":[\"http:\/\/kommunikation.gaertnerhkk.de\/?page_id=47\"]}]},{\"@type\":\"BreadcrumbList\",\"@id\":\"http:\/\/kommunikation.gaertnerhkk.de\/?page_id=47#breadcrumb\",\"itemListElement\":[{\"@type\":\"ListItem\",\"position\":1,\"name\":\"Home\",\"item\":\"http:\/\/kommunikation.gaertnerhkk.de\/\"},{\"@type\":\"ListItem\",\"position\":2,\"name\":\"Angebot\",\"item\":\"http:\/\/kommunikation.gaertnerhkk.de\/?page_id=41\"},{\"@type\":\"ListItem\",\"position\":3,\"name\":\"Privatkunden\",\"item\":\"http:\/\/kommunikation.gaertnerhkk.de\/?page_id=1221\"},{\"@type\":\"ListItem\",\"position\":4,\"name\":\"Computerschreiben &#8211; TippTrainer\"}]},{\"@type\":\"WebSite\",\"@id\":\"http:\/\/kommunikation.gaertnerhkk.de\/#website\",\"url\":\"http:\/\/kommunikation.gaertnerhkk.de\/\",\"name\":\"gaertner hkk\",\"description\":\"Bildungsmanufaktur\",\"potentialAction\":[{\"@type\":\"SearchAction\",\"target\":{\"@type\":\"EntryPoint\",\"urlTemplate\":\"http:\/\/kommunikation.gaertnerhkk.de\/?s={search_term_string}\"},\"query-input\":\"required name=search_term_string\"}],\"inLanguage\":\"de-DE\"}]}<\/script>\n<!-- \/ Yoast SEO plugin. -->","yoast_head_json":{"title":"Computerschreiben - TippTrainer - gaertner hkk","robots":{"index":"index","follow":"follow","max-snippet":"max-snippet:-1","max-image-preview":"max-image-preview:large","max-video-preview":"max-video-preview:-1"},"canonical":"http:\/\/kommunikation.gaertnerhkk.de\/?page_id=47","og_locale":"de_DE","og_type":"article","og_title":"Computerschreiben - TippTrainer - gaertner hkk","og_description":"Egal ob Sie Sch\u00fcler, Angestellter oder Rentner sind, wer professionell Computerschreiben kann, profitiert in vielen Bereichen. Kursinhalt: 1. Termin: Schreiben mit den f\u00fcnf Fingern der linken Hand: Buchstaben, Zahlen und Sonderzeichen der linken Hand 2. Termin: Schreiben mit der rechten Hand Buchstaben, Zahlen und Sonderzeichen der rechten Hand Kurstermine: Dienstag und Donnerstag von 17 bis","og_url":"http:\/\/kommunikation.gaertnerhkk.de\/?page_id=47","og_site_name":"gaertner hkk","article_publisher":"https:\/\/www.facebook.com\/gaertnerhkk.de","article_modified_time":"2021-09-22T14:09:59+00:00","twitter_card":"summary_large_image","twitter_misc":{"Gesch\u00e4tzte Lesezeit":"2 Minuten"},"schema":{"@context":"https:\/\/schema.org","@graph":[{"@type":"WebPage","@id":"http:\/\/kommunikation.gaertnerhkk.de\/?page_id=47","url":"http:\/\/kommunikation.gaertnerhkk.de\/?page_id=47","name":"Computerschreiben - TippTrainer - gaertner hkk","isPartOf":{"@id":"http:\/\/kommunikation.gaertnerhkk.de\/#website"},"datePublished":"2015-05-22T10:13:40+00:00","dateModified":"2021-09-22T14:09:59+00:00","breadcrumb":{"@id":"http:\/\/kommunikation.gaertnerhkk.de\/?page_id=47#breadcrumb"},"inLanguage":"de-DE","potentialAction":[{"@type":"ReadAction","target":["http:\/\/kommunikation.gaertnerhkk.de\/?page_id=47"]}]},{"@type":"BreadcrumbList","@id":"http:\/\/kommunikation.gaertnerhkk.de\/?page_id=47#breadcrumb","itemListElement":[{"@type":"ListItem","position":1,"name":"Home","item":"http:\/\/kommunikation.gaertnerhkk.de\/"},{"@type":"ListItem","position":2,"name":"Angebot","item":"http:\/\/kommunikation.gaertnerhkk.de\/?page_id=41"},{"@type":"ListItem","position":3,"name":"Privatkunden","item":"http:\/\/kommunikation.gaertnerhkk.de\/?page_id=1221"},{"@type":"ListItem","position":4,"name":"Computerschreiben &#8211; TippTrainer"}]},{"@type":"WebSite","@id":"http:\/\/kommunikation.gaertnerhkk.de\/#website","url":"http:\/\/kommunikation.gaertnerhkk.de\/","name":"gaertner hkk","description":"Bildungsmanufaktur","potentialAction":[{"@type":"SearchAction","target":{"@type":"EntryPoint","urlTemplate":"http:\/\/kommunikation.gaertnerhkk.de\/?s={search_term_string}"},"query-input":"required name=search_term_string"}],"inLanguage":"de-DE"}]}},"_links":{"self":[{"href":"http:\/\/kommunikation.gaertnerhkk.de\/index.php?rest_route=\/wp\/v2\/pages\/47"}],"collection":[{"href":"http:\/\/kommunikation.gaertnerhkk.de\/index.php?rest_route=\/wp\/v2\/pages"}],"about":[{"href":"http:\/\/kommunikation.gaertnerhkk.de\/index.php?rest_route=\/wp\/v2\/types\/page"}],"author":[{"embeddable":true,"href":"http:\/\/kommunikation.gaertnerhkk.de\/index.php?rest_route=\/wp\/v2\/users\/1"}],"replies":[{"embeddable":true,"href":"http:\/\/kommunikation.gaertnerhkk.de\/index.php?rest_route=%2Fwp%2Fv2%2Fcomments&post=47"}],"version-history":[{"count":8,"href":"http:\/\/kommunikation.gaertnerhkk.de\/index.php?rest_route=\/wp\/v2\/pages\/47\/revisions"}],"predecessor-version":[{"id":2027,"href":"http:\/\/kommunikation.gaertnerhkk.de\/index.php?rest_route=\/wp\/v2\/pages\/47\/revisions\/2027"}],"up":[{"embeddable":true,"href":"http:\/\/kommunikation.gaertnerhkk.de\/index.php?rest_route=\/wp\/v2\/pages\/1221"}],"wp:attachment":[{"href":"http:\/\/kommunikation.gaertnerhkk.de\/index.php?rest_route=%2Fwp%2Fv2%2Fmedia&parent=47"}],"curies":[{"name":"wp","href":"https:\/\/api.w.org\/{rel}","templated":true}]}}