{"id":54,"date":"2015-05-22T10:09:36","date_gmt":"2015-05-22T10:09:36","guid":{"rendered":"http:\/\/kommunikation.gaertnerhkk.de\/?page_id=54"},"modified":"2016-07-27T11:04:48","modified_gmt":"2016-07-27T11:04:48","slug":"tipptrainer","status":"publish","type":"page","link":"http:\/\/kommunikation.gaertnerhkk.de\/?page_id=54","title":{"rendered":"Tipptrainer"},"content":{"rendered":"<p><strong>Egal ob Sie Sch\u00fcler, Angestellter oder Rentner sind, wer professionell Computerschreiben kann, profitiert in vielen Bereichen.<a id=\"set-post-thumbnail\" class=\"thickbox\" href=\"http:\/\/kommunikation.gaertnerhkk.de\/wp-admin\/media-upload.php?post_id=54&amp;type=image&amp;TB_iframe=1\"><img loading=\"lazy\" decoding=\"async\" class=\"attachment-266x266 size-266x266 alignright\" src=\"http:\/\/kommunikation.gaertnerhkk.de\/wp-content\/uploads\/2016\/07\/Header-2a-1-768x269.jpg\" sizes=\"(max-width: 266px) 100vw, 266px\" srcset=\"http:\/\/kommunikation.gaertnerhkk.de\/wp-content\/uploads\/2016\/07\/Header-2a-1-768x269.jpg 768w, http:\/\/kommunikation.gaertnerhkk.de\/wp-content\/uploads\/2016\/07\/Header-2a-1-300x105.jpg 300w, http:\/\/kommunikation.gaertnerhkk.de\/wp-content\/uploads\/2016\/07\/Header-2a-1-1024x358.jpg 1024w, http:\/\/kommunikation.gaertnerhkk.de\/wp-content\/uploads\/2016\/07\/Header-2a-1-e1469528943593.jpg 1332w\" alt=\"Header 2a\" width=\"266\" height=\"93\" \/><\/a><\/strong><\/p>\n<p>Kursinhalt:<\/p>\n<p><strong>1. Termin:<\/strong><br \/>\nSchreiben mit den f\u00fcnf Fingern der linken Hand:<br \/>\nBuchstaben, Zahlen und Sonderzeichen der linken Hand<br \/>\n<strong>2. Termin:<\/strong><br \/>\nSchreiben mit der rechten Hand<br \/>\nBuchstaben, Zahlen und Sonderzeichen der rechten Hand<\/p>\n<p>Kurstermine: Dienstag und Donnerstag: 17 bis 19 Uhr<\/p>\n<p class=\"hide-if-no-js\">\n<p><a href=\"http:\/\/www.allela.de\/kontakt.html\">Bitte melden Sie sich schriflich an.<\/a><\/p>\n<p>Rahmen: Max. vier Teilnehmer<\/p>\n<p>Kursgeb\u00fchr bis Juni 2015: 89,00 \u20ac\/Kurs 4 Zeitstunden Im Preis enthalten: Kursheft und Zugang zum Online-Tipptrainer<\/p>\n<p>Begleitend zum Unterricht erh\u00e4lt jeder Teilnehmer ein Kursheft und einen Zugang zu einem sehr guten Online-Tipptrainer zum Trainieren von Tempo und Genauigkeit.<\/p>\n<p>In diesem modernen Kurs lernen Sie Computerschreiben blind mit 10 Fingern \u2013 und das in nur 2 Treffen zu je 2 Stunden! Die Methode ist einfach und genial! Es werden Erkenntnisse aus der Gehirnforschung, P\u00e4dagogik und Ged\u00e4chtnistraining genutzt und miteinander verbunden.<\/p>\n<p>Lernen Sie ganzheitlich und spielerisch mit interessanten H\u00f6rgeschichten, einpr\u00e4gsamen Bildern, lebhaften Ger\u00e4uschen und beruhigender Musik. Jeder Buchstabe der Tastatur ist mit einem Bild und einer Farbe verkn\u00fcpft. Diese Bilder ergeben eine zusammenh\u00e4ngende Geschichte, die eine einfache Orientierung auf der Tastatur erm\u00f6glicht.<\/p>\n<p>Bei dieser Lernmethode gibt es kein stures Einh\u00e4mmern auf die Tasten und keine frustrierenden Wiederholungen. Im Gegenteil: Es macht damit richtig Spa\u00df, tippen zu lernen!<\/p>\n<p><strong>Die Vorteile auf einen Blick<\/strong><\/p>\n<p>Sehr kurze Kursdauer. Nur 4 Stunden statt 30 Stunden.<br \/>\nEffektive Unterrichtsmethode. Ganzheitliches, entspanntes Lernen.<br \/>\nEnorme Zeitersparnis beim Tippen. Im 10-Finger-System schreiben Sie mindestens doppelt so schnell als mit<br \/>\ndem 2-Finger-Suchsystem.<br \/>\nProfessionelles Arbeiten. Blind schreiben und dabei den Bildschirm oder den Kunden anschauen.<br \/>\nSofort im Alltag anwendbar. Direkt ganze S\u00e4tze schreiben statt monoton Buchstaben \u00fcben.<br \/>\nOnline-Tipptrainer. Trainieren von Tempo und Genauigkeit.<br \/>\nF\u00fcr jedes Alter. Von 9 bis 99 Jahren.<br \/>\nDer Kurs ist f\u00fcr altersgemischte Gruppen gut geeignet.<\/p>\n<p class=\"hide-if-no-js\"><a id=\"set-post-thumbnail\" class=\"thickbox\" href=\"http:\/\/kommunikation.gaertnerhkk.de\/wp-admin\/media-upload.php?post_id=54&amp;type=image&amp;TB_iframe=1\"><img loading=\"lazy\" decoding=\"async\" class=\"attachment-266x266 size-266x266 alignright\" src=\"http:\/\/kommunikation.gaertnerhkk.de\/wp-content\/uploads\/2015\/05\/Berufe-1-1024x293.jpg\" sizes=\"(max-width: 266px) 100vw, 266px\" srcset=\"http:\/\/kommunikation.gaertnerhkk.de\/wp-content\/uploads\/2015\/05\/Berufe-1-1024x293.jpg 1024w, http:\/\/kommunikation.gaertnerhkk.de\/wp-content\/uploads\/2015\/05\/Berufe-1-300x86.jpg 300w, http:\/\/kommunikation.gaertnerhkk.de\/wp-content\/uploads\/2015\/05\/Berufe-1-768x219.jpg 768w\" alt=\"Berufe in der Industrie, Handwerk, Handel und Dienstleistung (Industriearbeiter, Mechaniker, g\u00e4rtner, Verk\u00e4ufer, H\u00e4ndler, Ingenieure, HiTech Fertigung, Stahlwerk, Logistikbranche)\" width=\"266\" height=\"76\" \/><\/a><\/p>\n<p>Die Termine k\u00f6nnen individuell abgesprochen werden und auch gerne vormittags stattfinden. Unter bestimmten Vorraussetzungen besteht die M\u00f6glichkeit, dass das Arbeitsamt, Jobcenter, sonstige Tr\u00e4ger die Kosten f\u00fcr die Teilnahme \u00fcbernimmt, wenn dadurch die Qualifikation am Arbeitsmarkt festeigert wird.<\/p>\n<p><a href=\"http:\/\/kommunikation.gaertnerhkk.de\/?page_id=464\">Kontaktformular<\/a><\/p>\n","protected":false},"excerpt":{"rendered":"Egal ob Sie Sch\u00fcler, Angestellter oder Rentner sind, wer professionell Computerschreiben kann, profitiert in vielen Bereichen. Kursinhalt: 1. Termin: Schreiben mit den f\u00fcnf Fingern der linken Hand: Buchstaben, Zahlen und Sonderzeichen der linken Hand 2. Termin: Schreiben mit der rechten Hand Buchstaben, Zahlen und Sonderzeichen der rechten Hand Kurstermine: Dienstag und Donnerstag: 17 bis 19 ","protected":false},"author":1,"featured_media":1409,"parent":47,"menu_order":3,"comment_status":"open","ping_status":"open","template":"","meta":{"footnotes":""},"class_list":["post-54","page","type-page","status-publish","has-post-thumbnail","hentry"],"yoast_head":"<!-- This site is optimized with the Yoast SEO plugin v23.1 - https:\/\/yoast.com\/wordpress\/plugins\/seo\/ -->\n<title>Tipptrainer - gaertner hkk<\/title>\n<meta name=\"robots\" content=\"index, follow, max-snippet:-1, max-image-preview:large, max-video-preview:-1\" \/>\n<link rel=\"canonical\" href=\"http:\/\/kommunikation.gaertnerhkk.de\/?page_id=54\" \/>\n<meta property=\"og:locale\" content=\"de_DE\" \/>\n<meta property=\"og:type\" content=\"article\" \/>\n<meta property=\"og:title\" content=\"Tipptrainer - gaertner hkk\" \/>\n<meta property=\"og:description\" content=\"Egal ob Sie Sch\u00fcler, Angestellter oder Rentner sind, wer professionell Computerschreiben kann, profitiert in vielen Bereichen. Kursinhalt: 1. Termin: Schreiben mit den f\u00fcnf Fingern der linken Hand: Buchstaben, Zahlen und Sonderzeichen der linken Hand 2. Termin: Schreiben mit der rechten Hand Buchstaben, Zahlen und Sonderzeichen der rechten Hand Kurstermine: Dienstag und Donnerstag: 17 bis 19\" \/>\n<meta property=\"og:url\" content=\"http:\/\/kommunikation.gaertnerhkk.de\/?page_id=54\" \/>\n<meta property=\"og:site_name\" content=\"gaertner hkk\" \/>\n<meta property=\"article:publisher\" content=\"https:\/\/www.facebook.com\/gaertnerhkk.de\" \/>\n<meta property=\"article:modified_time\" content=\"2016-07-27T11:04:48+00:00\" \/>\n<meta property=\"og:image\" content=\"http:\/\/kommunikation.gaertnerhkk.de\/wp-content\/uploads\/2015\/05\/Berufe-1.jpg\" \/>\n\t<meta property=\"og:image:width\" content=\"2580\" \/>\n\t<meta property=\"og:image:height\" content=\"737\" \/>\n\t<meta property=\"og:image:type\" content=\"image\/jpeg\" \/>\n<meta name=\"twitter:card\" content=\"summary_large_image\" \/>\n<meta name=\"twitter:label1\" content=\"Gesch\u00e4tzte Lesezeit\" \/>\n\t<meta name=\"twitter:data1\" content=\"2 Minuten\" \/>\n<script type=\"application\/ld+json\" class=\"yoast-schema-graph\">{\"@context\":\"https:\/\/schema.org\",\"@graph\":[{\"@type\":\"WebPage\",\"@id\":\"http:\/\/kommunikation.gaertnerhkk.de\/?page_id=54\",\"url\":\"http:\/\/kommunikation.gaertnerhkk.de\/?page_id=54\",\"name\":\"Tipptrainer - gaertner hkk\",\"isPartOf\":{\"@id\":\"http:\/\/kommunikation.gaertnerhkk.de\/#website\"},\"primaryImageOfPage\":{\"@id\":\"http:\/\/kommunikation.gaertnerhkk.de\/?page_id=54#primaryimage\"},\"image\":{\"@id\":\"http:\/\/kommunikation.gaertnerhkk.de\/?page_id=54#primaryimage\"},\"thumbnailUrl\":\"http:\/\/kommunikation.gaertnerhkk.de\/wp-content\/uploads\/2015\/05\/Berufe-1.jpg\",\"datePublished\":\"2015-05-22T10:09:36+00:00\",\"dateModified\":\"2016-07-27T11:04:48+00:00\",\"breadcrumb\":{\"@id\":\"http:\/\/kommunikation.gaertnerhkk.de\/?page_id=54#breadcrumb\"},\"inLanguage\":\"de-DE\",\"potentialAction\":[{\"@type\":\"ReadAction\",\"target\":[\"http:\/\/kommunikation.gaertnerhkk.de\/?page_id=54\"]}]},{\"@type\":\"ImageObject\",\"inLanguage\":\"de-DE\",\"@id\":\"http:\/\/kommunikation.gaertnerhkk.de\/?page_id=54#primaryimage\",\"url\":\"http:\/\/kommunikation.gaertnerhkk.de\/wp-content\/uploads\/2015\/05\/Berufe-1.jpg\",\"contentUrl\":\"http:\/\/kommunikation.gaertnerhkk.de\/wp-content\/uploads\/2015\/05\/Berufe-1.jpg\",\"width\":2580,\"height\":737},{\"@type\":\"BreadcrumbList\",\"@id\":\"http:\/\/kommunikation.gaertnerhkk.de\/?page_id=54#breadcrumb\",\"itemListElement\":[{\"@type\":\"ListItem\",\"position\":1,\"name\":\"Home\",\"item\":\"http:\/\/kommunikation.gaertnerhkk.de\/\"},{\"@type\":\"ListItem\",\"position\":2,\"name\":\"Angebot\",\"item\":\"http:\/\/kommunikation.gaertnerhkk.de\/?page_id=41\"},{\"@type\":\"ListItem\",\"position\":3,\"name\":\"Privatkunden\",\"item\":\"http:\/\/kommunikation.gaertnerhkk.de\/?page_id=1221\"},{\"@type\":\"ListItem\",\"position\":4,\"name\":\"Computerschreiben &#8211; TippTrainer\",\"item\":\"http:\/\/kommunikation.gaertnerhkk.de\/?page_id=47\"},{\"@type\":\"ListItem\",\"position\":5,\"name\":\"Tipptrainer\"}]},{\"@type\":\"WebSite\",\"@id\":\"http:\/\/kommunikation.gaertnerhkk.de\/#website\",\"url\":\"http:\/\/kommunikation.gaertnerhkk.de\/\",\"name\":\"gaertner hkk\",\"description\":\"Bildungsmanufaktur\",\"potentialAction\":[{\"@type\":\"SearchAction\",\"target\":{\"@type\":\"EntryPoint\",\"urlTemplate\":\"http:\/\/kommunikation.gaertnerhkk.de\/?s={search_term_string}\"},\"query-input\":\"required name=search_term_string\"}],\"inLanguage\":\"de-DE\"}]}<\/script>\n<!-- \/ Yoast SEO plugin. -->","yoast_head_json":{"title":"Tipptrainer - gaertner hkk","robots":{"index":"index","follow":"follow","max-snippet":"max-snippet:-1","max-image-preview":"max-image-preview:large","max-video-preview":"max-video-preview:-1"},"canonical":"http:\/\/kommunikation.gaertnerhkk.de\/?page_id=54","og_locale":"de_DE","og_type":"article","og_title":"Tipptrainer - gaertner hkk","og_description":"Egal ob Sie Sch\u00fcler, Angestellter oder Rentner sind, wer professionell Computerschreiben kann, profitiert in vielen Bereichen. Kursinhalt: 1. Termin: Schreiben mit den f\u00fcnf Fingern der linken Hand: Buchstaben, Zahlen und Sonderzeichen der linken Hand 2. Termin: Schreiben mit der rechten Hand Buchstaben, Zahlen und Sonderzeichen der rechten Hand Kurstermine: Dienstag und Donnerstag: 17 bis 19","og_url":"http:\/\/kommunikation.gaertnerhkk.de\/?page_id=54","og_site_name":"gaertner hkk","article_publisher":"https:\/\/www.facebook.com\/gaertnerhkk.de","article_modified_time":"2016-07-27T11:04:48+00:00","og_image":[{"width":2580,"height":737,"url":"http:\/\/kommunikation.gaertnerhkk.de\/wp-content\/uploads\/2015\/05\/Berufe-1.jpg","type":"image\/jpeg"}],"twitter_card":"summary_large_image","twitter_misc":{"Gesch\u00e4tzte Lesezeit":"2 Minuten"},"schema":{"@context":"https:\/\/schema.org","@graph":[{"@type":"WebPage","@id":"http:\/\/kommunikation.gaertnerhkk.de\/?page_id=54","url":"http:\/\/kommunikation.gaertnerhkk.de\/?page_id=54","name":"Tipptrainer - gaertner hkk","isPartOf":{"@id":"http:\/\/kommunikation.gaertnerhkk.de\/#website"},"primaryImageOfPage":{"@id":"http:\/\/kommunikation.gaertnerhkk.de\/?page_id=54#primaryimage"},"image":{"@id":"http:\/\/kommunikation.gaertnerhkk.de\/?page_id=54#primaryimage"},"thumbnailUrl":"http:\/\/kommunikation.gaertnerhkk.de\/wp-content\/uploads\/2015\/05\/Berufe-1.jpg","datePublished":"2015-05-22T10:09:36+00:00","dateModified":"2016-07-27T11:04:48+00:00","breadcrumb":{"@id":"http:\/\/kommunikation.gaertnerhkk.de\/?page_id=54#breadcrumb"},"inLanguage":"de-DE","potentialAction":[{"@type":"ReadAction","target":["http:\/\/kommunikation.gaertnerhkk.de\/?page_id=54"]}]},{"@type":"ImageObject","inLanguage":"de-DE","@id":"http:\/\/kommunikation.gaertnerhkk.de\/?page_id=54#primaryimage","url":"http:\/\/kommunikation.gaertnerhkk.de\/wp-content\/uploads\/2015\/05\/Berufe-1.jpg","contentUrl":"http:\/\/kommunikation.gaertnerhkk.de\/wp-content\/uploads\/2015\/05\/Berufe-1.jpg","width":2580,"height":737},{"@type":"BreadcrumbList","@id":"http:\/\/kommunikation.gaertnerhkk.de\/?page_id=54#breadcrumb","itemListElement":[{"@type":"ListItem","position":1,"name":"Home","item":"http:\/\/kommunikation.gaertnerhkk.de\/"},{"@type":"ListItem","position":2,"name":"Angebot","item":"http:\/\/kommunikation.gaertnerhkk.de\/?page_id=41"},{"@type":"ListItem","position":3,"name":"Privatkunden","item":"http:\/\/kommunikation.gaertnerhkk.de\/?page_id=1221"},{"@type":"ListItem","position":4,"name":"Computerschreiben &#8211; TippTrainer","item":"http:\/\/kommunikation.gaertnerhkk.de\/?page_id=47"},{"@type":"ListItem","position":5,"name":"Tipptrainer"}]},{"@type":"WebSite","@id":"http:\/\/kommunikation.gaertnerhkk.de\/#website","url":"http:\/\/kommunikation.gaertnerhkk.de\/","name":"gaertner hkk","description":"Bildungsmanufaktur","potentialAction":[{"@type":"SearchAction","target":{"@type":"EntryPoint","urlTemplate":"http:\/\/kommunikation.gaertnerhkk.de\/?s={search_term_string}"},"query-input":"required name=search_term_string"}],"inLanguage":"de-DE"}]}},"_links":{"self":[{"href":"http:\/\/kommunikation.gaertnerhkk.de\/index.php?rest_route=\/wp\/v2\/pages\/54"}],"collection":[{"href":"http:\/\/kommunikation.gaertnerhkk.de\/index.php?rest_route=\/wp\/v2\/pages"}],"about":[{"href":"http:\/\/kommunikation.gaertnerhkk.de\/index.php?rest_route=\/wp\/v2\/types\/page"}],"author":[{"embeddable":true,"href":"http:\/\/kommunikation.gaertnerhkk.de\/index.php?rest_route=\/wp\/v2\/users\/1"}],"replies":[{"embeddable":true,"href":"http:\/\/kommunikation.gaertnerhkk.de\/index.php?rest_route=%2Fwp%2Fv2%2Fcomments&post=54"}],"version-history":[{"count":5,"href":"http:\/\/kommunikation.gaertnerhkk.de\/index.php?rest_route=\/wp\/v2\/pages\/54\/revisions"}],"predecessor-version":[{"id":1408,"href":"http:\/\/kommunikation.gaertnerhkk.de\/index.php?rest_route=\/wp\/v2\/pages\/54\/revisions\/1408"}],"up":[{"embeddable":true,"href":"http:\/\/kommunikation.gaertnerhkk.de\/index.php?rest_route=\/wp\/v2\/pages\/47"}],"wp:featuredmedia":[{"embeddable":true,"href":"http:\/\/kommunikation.gaertnerhkk.de\/index.php?rest_route=\/wp\/v2\/media\/1409"}],"wp:attachment":[{"href":"http:\/\/kommunikation.gaertnerhkk.de\/index.php?rest_route=%2Fwp%2Fv2%2Fmedia&parent=54"}],"curies":[{"name":"wp","href":"https:\/\/api.w.org\/{rel}","templated":true}]}}