{"id":554,"date":"2015-07-03T13:03:51","date_gmt":"2015-07-03T13:03:51","guid":{"rendered":"http:\/\/kommunikation.gaertnerhkk.de\/?page_id=554"},"modified":"2016-07-27T10:38:40","modified_gmt":"2016-07-27T10:38:40","slug":"textverarbeitung","status":"publish","type":"page","link":"http:\/\/kommunikation.gaertnerhkk.de\/?page_id=554","title":{"rendered":"Textverarbeitung"},"content":{"rendered":"<table style=\"height: 358px;\" width=\"1145\">\n<tbody>\n<tr>\n<td width=\"243\"><strong>M\u00f6gliche Programme: <\/strong><\/p>\n<p><strong>WORD 2010, Word 2013, Linux, Open Ofiice<\/strong><\/td>\n<td width=\"298\">\n<p class=\"hide-if-no-js\"><a id=\"set-post-thumbnail\" class=\"thickbox\" href=\"http:\/\/kommunikation.gaertnerhkk.de\/wp-admin\/media-upload.php?post_id=554&amp;type=image&amp;TB_iframe=1\"><img loading=\"lazy\" decoding=\"async\" class=\"attachment-266x266 size-266x266 alignright\" src=\"http:\/\/kommunikation.gaertnerhkk.de\/wp-content\/uploads\/2016\/07\/Header-2a-1-768x269.jpg\" sizes=\"(max-width: 266px) 100vw, 266px\" srcset=\"http:\/\/kommunikation.gaertnerhkk.de\/wp-content\/uploads\/2016\/07\/Header-2a-1-768x269.jpg 768w, http:\/\/kommunikation.gaertnerhkk.de\/wp-content\/uploads\/2016\/07\/Header-2a-1-300x105.jpg 300w, http:\/\/kommunikation.gaertnerhkk.de\/wp-content\/uploads\/2016\/07\/Header-2a-1-1024x358.jpg 1024w, http:\/\/kommunikation.gaertnerhkk.de\/wp-content\/uploads\/2016\/07\/Header-2a-1-e1469528943593.jpg 1332w\" alt=\"Header 2a\" width=\"266\" height=\"93\" \/><\/a><\/p>\n<p><strong>Inhalt<\/strong><\/td>\n<\/tr>\n<tr>\n<td width=\"243\">Textverarbeitung Einf\u00fchrung<\/td>\n<td width=\"298\">Definition, Einf\u00fchrung in DIN 5008, Organisation der Textverarbeitung,<\/td>\n<\/tr>\n<tr>\n<td width=\"243\">Texteingabe, Textbearbeitung, Textgestaltung, Textreproduktion<\/td>\n<td width=\"298\">Von der Datei zum fertigen Dokument, u.a. a. Dokumentschutz, Rechtsschreibpr\u00fcfung, Kopf- Fu\u00dfzeile, Grafiken, Tabellen in Word, Serienbrief<\/td>\n<\/tr>\n<tr>\n<td width=\"243\">Textformulierung<\/td>\n<td width=\"298\">Gute Formulierung zum besseren Verst\u00e4ndnis; Vom Gesch\u00e4ftsbrief zum Werbebrief<\/td>\n<\/tr>\n<tr>\n<td width=\"243\">Email-Versand von Dokumenten<\/td>\n<td width=\"298\">PDFDigitales Signieren von Dokumenten<\/td>\n<\/tr>\n<tr>\n<td width=\"243\">Emailprogramme<\/td>\n<td width=\"298\">Einsatz, DIN Regeln, Organisation<\/td>\n<\/tr>\n<\/tbody>\n<\/table>\n<p>&nbsp;<\/p>\n<p>Umfang: 20 Unterrichtseinheiten<\/p>\n<table width=\"100%\">\n<tbody>\n<tr>\n<td>Termine:<\/p>\n<p>Rufen Sie uns an: <strong>0 68 31 \u2013 5 00 37 56<\/strong> oder hinterlassen Sie uns eine Nachricht \u00fcber das <a href=\"http:\/\/kommunikation.gaertnerhkk.de\/?page_id=464\" target=\"_blank\">Kontaktformular<\/a><\/p>\n<p><strong>F\u00f6rderung durch die Agentur f\u00fcr Arbeit, JobCenter, sonstige Tr\u00e4ger m\u00f6glich<\/strong><\/td>\n<td><\/td>\n<\/tr>\n<tr>\n<td><\/td>\n<td>Erweiterungsstunden nach Absprache m\u00f6glich<\/td>\n<\/tr>\n<\/tbody>\n<\/table>\n","protected":false},"excerpt":{"rendered":"M\u00f6gliche Programme: WORD 2010, Word 2013, Linux, Open Ofiice Inhalt Textverarbeitung Einf\u00fchrung Definition, Einf\u00fchrung in DIN 5008, Organisation der Textverarbeitung, Texteingabe, Textbearbeitung, Textgestaltung, Textreproduktion Von der Datei zum fertigen Dokument, u.a. a. Dokumentschutz, Rechtsschreibpr\u00fcfung, Kopf- Fu\u00dfzeile, Grafiken, Tabellen in Word, Serienbrief Textformulierung Gute Formulierung zum besseren Verst\u00e4ndnis; Vom Gesch\u00e4ftsbrief zum Werbebrief Email-Versand von Dokumenten PDFDigitales ","protected":false},"author":1,"featured_media":1306,"parent":261,"menu_order":0,"comment_status":"open","ping_status":"open","template":"","meta":{"footnotes":""},"class_list":["post-554","page","type-page","status-publish","has-post-thumbnail","hentry"],"yoast_head":"<!-- This site is optimized with the Yoast SEO plugin v23.1 - https:\/\/yoast.com\/wordpress\/plugins\/seo\/ -->\n<title>Textverarbeitung - gaertner hkk<\/title>\n<meta name=\"robots\" content=\"index, follow, max-snippet:-1, max-image-preview:large, max-video-preview:-1\" \/>\n<link rel=\"canonical\" href=\"http:\/\/kommunikation.gaertnerhkk.de\/?page_id=554\" \/>\n<meta property=\"og:locale\" content=\"de_DE\" \/>\n<meta property=\"og:type\" content=\"article\" \/>\n<meta property=\"og:title\" content=\"Textverarbeitung - gaertner hkk\" \/>\n<meta property=\"og:description\" content=\"M\u00f6gliche Programme: WORD 2010, Word 2013, Linux, Open Ofiice Inhalt Textverarbeitung Einf\u00fchrung Definition, Einf\u00fchrung in DIN 5008, Organisation der Textverarbeitung, Texteingabe, Textbearbeitung, Textgestaltung, Textreproduktion Von der Datei zum fertigen Dokument, u.a. a. Dokumentschutz, Rechtsschreibpr\u00fcfung, Kopf- Fu\u00dfzeile, Grafiken, Tabellen in Word, Serienbrief Textformulierung Gute Formulierung zum besseren Verst\u00e4ndnis; Vom Gesch\u00e4ftsbrief zum Werbebrief Email-Versand von Dokumenten PDFDigitales\" \/>\n<meta property=\"og:url\" content=\"http:\/\/kommunikation.gaertnerhkk.de\/?page_id=554\" \/>\n<meta property=\"og:site_name\" content=\"gaertner hkk\" \/>\n<meta property=\"article:publisher\" content=\"https:\/\/www.facebook.com\/gaertnerhkk.de\" \/>\n<meta property=\"article:modified_time\" content=\"2016-07-27T10:38:40+00:00\" \/>\n<meta property=\"og:image\" content=\"http:\/\/kommunikation.gaertnerhkk.de\/wp-content\/uploads\/2016\/07\/Header-2a-1-e1469528943593.jpg\" \/>\n\t<meta property=\"og:image:width\" content=\"1332\" \/>\n\t<meta property=\"og:image:height\" content=\"466\" \/>\n\t<meta property=\"og:image:type\" content=\"image\/jpeg\" \/>\n<meta name=\"twitter:card\" content=\"summary_large_image\" \/>\n<meta name=\"twitter:label1\" content=\"Gesch\u00e4tzte Lesezeit\" \/>\n\t<meta name=\"twitter:data1\" content=\"1 Minute\" \/>\n<script type=\"application\/ld+json\" class=\"yoast-schema-graph\">{\"@context\":\"https:\/\/schema.org\",\"@graph\":[{\"@type\":\"WebPage\",\"@id\":\"http:\/\/kommunikation.gaertnerhkk.de\/?page_id=554\",\"url\":\"http:\/\/kommunikation.gaertnerhkk.de\/?page_id=554\",\"name\":\"Textverarbeitung - gaertner hkk\",\"isPartOf\":{\"@id\":\"http:\/\/kommunikation.gaertnerhkk.de\/#website\"},\"primaryImageOfPage\":{\"@id\":\"http:\/\/kommunikation.gaertnerhkk.de\/?page_id=554#primaryimage\"},\"image\":{\"@id\":\"http:\/\/kommunikation.gaertnerhkk.de\/?page_id=554#primaryimage\"},\"thumbnailUrl\":\"http:\/\/kommunikation.gaertnerhkk.de\/wp-content\/uploads\/2016\/07\/Header-2a-1-e1469528943593.jpg\",\"datePublished\":\"2015-07-03T13:03:51+00:00\",\"dateModified\":\"2016-07-27T10:38:40+00:00\",\"breadcrumb\":{\"@id\":\"http:\/\/kommunikation.gaertnerhkk.de\/?page_id=554#breadcrumb\"},\"inLanguage\":\"de-DE\",\"potentialAction\":[{\"@type\":\"ReadAction\",\"target\":[\"http:\/\/kommunikation.gaertnerhkk.de\/?page_id=554\"]}]},{\"@type\":\"ImageObject\",\"inLanguage\":\"de-DE\",\"@id\":\"http:\/\/kommunikation.gaertnerhkk.de\/?page_id=554#primaryimage\",\"url\":\"http:\/\/kommunikation.gaertnerhkk.de\/wp-content\/uploads\/2016\/07\/Header-2a-1-e1469528943593.jpg\",\"contentUrl\":\"http:\/\/kommunikation.gaertnerhkk.de\/wp-content\/uploads\/2016\/07\/Header-2a-1-e1469528943593.jpg\",\"width\":1332,\"height\":466},{\"@type\":\"BreadcrumbList\",\"@id\":\"http:\/\/kommunikation.gaertnerhkk.de\/?page_id=554#breadcrumb\",\"itemListElement\":[{\"@type\":\"ListItem\",\"position\":1,\"name\":\"Home\",\"item\":\"http:\/\/kommunikation.gaertnerhkk.de\/\"},{\"@type\":\"ListItem\",\"position\":2,\"name\":\"Angebot\",\"item\":\"http:\/\/kommunikation.gaertnerhkk.de\/?page_id=41\"},{\"@type\":\"ListItem\",\"position\":3,\"name\":\"PC Wissen und kaufm\u00e4nnische Grundlagen\",\"item\":\"http:\/\/kommunikation.gaertnerhkk.de\/?page_id=261\"},{\"@type\":\"ListItem\",\"position\":4,\"name\":\"Textverarbeitung\"}]},{\"@type\":\"WebSite\",\"@id\":\"http:\/\/kommunikation.gaertnerhkk.de\/#website\",\"url\":\"http:\/\/kommunikation.gaertnerhkk.de\/\",\"name\":\"gaertner hkk\",\"description\":\"Bildungsmanufaktur\",\"potentialAction\":[{\"@type\":\"SearchAction\",\"target\":{\"@type\":\"EntryPoint\",\"urlTemplate\":\"http:\/\/kommunikation.gaertnerhkk.de\/?s={search_term_string}\"},\"query-input\":\"required name=search_term_string\"}],\"inLanguage\":\"de-DE\"}]}<\/script>\n<!-- \/ Yoast SEO plugin. -->","yoast_head_json":{"title":"Textverarbeitung - gaertner hkk","robots":{"index":"index","follow":"follow","max-snippet":"max-snippet:-1","max-image-preview":"max-image-preview:large","max-video-preview":"max-video-preview:-1"},"canonical":"http:\/\/kommunikation.gaertnerhkk.de\/?page_id=554","og_locale":"de_DE","og_type":"article","og_title":"Textverarbeitung - gaertner hkk","og_description":"M\u00f6gliche Programme: WORD 2010, Word 2013, Linux, Open Ofiice Inhalt Textverarbeitung Einf\u00fchrung Definition, Einf\u00fchrung in DIN 5008, Organisation der Textverarbeitung, Texteingabe, Textbearbeitung, Textgestaltung, Textreproduktion Von der Datei zum fertigen Dokument, u.a. a. Dokumentschutz, Rechtsschreibpr\u00fcfung, Kopf- Fu\u00dfzeile, Grafiken, Tabellen in Word, Serienbrief Textformulierung Gute Formulierung zum besseren Verst\u00e4ndnis; Vom Gesch\u00e4ftsbrief zum Werbebrief Email-Versand von Dokumenten PDFDigitales","og_url":"http:\/\/kommunikation.gaertnerhkk.de\/?page_id=554","og_site_name":"gaertner hkk","article_publisher":"https:\/\/www.facebook.com\/gaertnerhkk.de","article_modified_time":"2016-07-27T10:38:40+00:00","og_image":[{"width":1332,"height":466,"url":"http:\/\/kommunikation.gaertnerhkk.de\/wp-content\/uploads\/2016\/07\/Header-2a-1-e1469528943593.jpg","type":"image\/jpeg"}],"twitter_card":"summary_large_image","twitter_misc":{"Gesch\u00e4tzte Lesezeit":"1 Minute"},"schema":{"@context":"https:\/\/schema.org","@graph":[{"@type":"WebPage","@id":"http:\/\/kommunikation.gaertnerhkk.de\/?page_id=554","url":"http:\/\/kommunikation.gaertnerhkk.de\/?page_id=554","name":"Textverarbeitung - gaertner hkk","isPartOf":{"@id":"http:\/\/kommunikation.gaertnerhkk.de\/#website"},"primaryImageOfPage":{"@id":"http:\/\/kommunikation.gaertnerhkk.de\/?page_id=554#primaryimage"},"image":{"@id":"http:\/\/kommunikation.gaertnerhkk.de\/?page_id=554#primaryimage"},"thumbnailUrl":"http:\/\/kommunikation.gaertnerhkk.de\/wp-content\/uploads\/2016\/07\/Header-2a-1-e1469528943593.jpg","datePublished":"2015-07-03T13:03:51+00:00","dateModified":"2016-07-27T10:38:40+00:00","breadcrumb":{"@id":"http:\/\/kommunikation.gaertnerhkk.de\/?page_id=554#breadcrumb"},"inLanguage":"de-DE","potentialAction":[{"@type":"ReadAction","target":["http:\/\/kommunikation.gaertnerhkk.de\/?page_id=554"]}]},{"@type":"ImageObject","inLanguage":"de-DE","@id":"http:\/\/kommunikation.gaertnerhkk.de\/?page_id=554#primaryimage","url":"http:\/\/kommunikation.gaertnerhkk.de\/wp-content\/uploads\/2016\/07\/Header-2a-1-e1469528943593.jpg","contentUrl":"http:\/\/kommunikation.gaertnerhkk.de\/wp-content\/uploads\/2016\/07\/Header-2a-1-e1469528943593.jpg","width":1332,"height":466},{"@type":"BreadcrumbList","@id":"http:\/\/kommunikation.gaertnerhkk.de\/?page_id=554#breadcrumb","itemListElement":[{"@type":"ListItem","position":1,"name":"Home","item":"http:\/\/kommunikation.gaertnerhkk.de\/"},{"@type":"ListItem","position":2,"name":"Angebot","item":"http:\/\/kommunikation.gaertnerhkk.de\/?page_id=41"},{"@type":"ListItem","position":3,"name":"PC Wissen und kaufm\u00e4nnische Grundlagen","item":"http:\/\/kommunikation.gaertnerhkk.de\/?page_id=261"},{"@type":"ListItem","position":4,"name":"Textverarbeitung"}]},{"@type":"WebSite","@id":"http:\/\/kommunikation.gaertnerhkk.de\/#website","url":"http:\/\/kommunikation.gaertnerhkk.de\/","name":"gaertner hkk","description":"Bildungsmanufaktur","potentialAction":[{"@type":"SearchAction","target":{"@type":"EntryPoint","urlTemplate":"http:\/\/kommunikation.gaertnerhkk.de\/?s={search_term_string}"},"query-input":"required name=search_term_string"}],"inLanguage":"de-DE"}]}},"_links":{"self":[{"href":"http:\/\/kommunikation.gaertnerhkk.de\/index.php?rest_route=\/wp\/v2\/pages\/554"}],"collection":[{"href":"http:\/\/kommunikation.gaertnerhkk.de\/index.php?rest_route=\/wp\/v2\/pages"}],"about":[{"href":"http:\/\/kommunikation.gaertnerhkk.de\/index.php?rest_route=\/wp\/v2\/types\/page"}],"author":[{"embeddable":true,"href":"http:\/\/kommunikation.gaertnerhkk.de\/index.php?rest_route=\/wp\/v2\/users\/1"}],"replies":[{"embeddable":true,"href":"http:\/\/kommunikation.gaertnerhkk.de\/index.php?rest_route=%2Fwp%2Fv2%2Fcomments&post=554"}],"version-history":[{"count":6,"href":"http:\/\/kommunikation.gaertnerhkk.de\/index.php?rest_route=\/wp\/v2\/pages\/554\/revisions"}],"predecessor-version":[{"id":1386,"href":"http:\/\/kommunikation.gaertnerhkk.de\/index.php?rest_route=\/wp\/v2\/pages\/554\/revisions\/1386"}],"up":[{"embeddable":true,"href":"http:\/\/kommunikation.gaertnerhkk.de\/index.php?rest_route=\/wp\/v2\/pages\/261"}],"wp:featuredmedia":[{"embeddable":true,"href":"http:\/\/kommunikation.gaertnerhkk.de\/index.php?rest_route=\/wp\/v2\/media\/1306"}],"wp:attachment":[{"href":"http:\/\/kommunikation.gaertnerhkk.de\/index.php?rest_route=%2Fwp%2Fv2%2Fmedia&parent=554"}],"curies":[{"name":"wp","href":"https:\/\/api.w.org\/{rel}","templated":true}]}}