{"id":776,"date":"2015-07-17T12:14:03","date_gmt":"2015-07-17T12:14:03","guid":{"rendered":"http:\/\/kommunikation.gaertnerhkk.de\/?page_id=776"},"modified":"2016-07-27T10:58:52","modified_gmt":"2016-07-27T10:58:52","slug":"bewerbungscoaching","status":"publish","type":"page","link":"http:\/\/kommunikation.gaertnerhkk.de\/?page_id=776","title":{"rendered":"Bewerbungscoaching"},"content":{"rendered":"<pre><span style=\"color: #ff0000;\"><strong>AZAV Zertifizierte Weiterbildung<\/strong><\/span><\/pre>\n<p><strong>Fit f\u00fcr die Bewerbung &#8211; Ein Seminar f\u00fcr Anf\u00e4nger und Fortgeschrittene<\/strong><\/p>\n<hr \/>\n<p>Lernen Sie Ihre<strong> individuellen beruflichen und pers\u00f6nlichen<\/strong> F\u00e4higkeiten und Kenntnisse <strong>arbeitsmarktgerecht<\/strong> zu pr\u00e4sentieren.<\/p>\n<p>Mit unserem Bewerbungscoaching gehen wir passgenau auf individuelle Bed\u00fcrfnisse und den jeweiligen Kenntnisstand unserer Mandanen ein. Sicherheit im Umgang mit EDV und modernen Medien sind ein positiver Begleiteffekt. Sie lernen, ihre eigenen Bewerbungsunterlagen perfekt zu erstellen und dies an die aktuellen Stellenausschreibungen anzupassen und diese im Vorstellugsgespr\u00e4ch zu p\u00e4sentieren.<\/p>\n<hr \/>\n<p><strong>Inhalte<\/strong><\/p>\n<ul>\n<li>Worauf kommt es an?<a id=\"set-post-thumbnail\" class=\"thickbox\" href=\"http:\/\/kommunikation.gaertnerhkk.de\/wp-admin\/media-upload.php?post_id=776&amp;type=image&amp;TB_iframe=1\"><img loading=\"lazy\" decoding=\"async\" class=\"attachment-266x266 size-266x266 alignright\" src=\"http:\/\/kommunikation.gaertnerhkk.de\/wp-content\/uploads\/2016\/07\/Header-2a-1-768x269.jpg\" sizes=\"(max-width: 266px) 100vw, 266px\" srcset=\"http:\/\/kommunikation.gaertnerhkk.de\/wp-content\/uploads\/2016\/07\/Header-2a-1-768x269.jpg 768w, http:\/\/kommunikation.gaertnerhkk.de\/wp-content\/uploads\/2016\/07\/Header-2a-1-300x105.jpg 300w, http:\/\/kommunikation.gaertnerhkk.de\/wp-content\/uploads\/2016\/07\/Header-2a-1-1024x358.jpg 1024w, http:\/\/kommunikation.gaertnerhkk.de\/wp-content\/uploads\/2016\/07\/Header-2a-1-e1469528943593.jpg 1332w\" alt=\"Header 2a\" width=\"266\" height=\"93\" \/><\/a><\/li>\n<li>Umgang mit EDV &#8211; Grundwissen, um Bewerbungen schreiben zu k\u00f6nnen, Stellenrecherchen und -analysen durchzuf\u00fchren<\/li>\n<li>Marktgerechte Bewerbungsunterlagen &#8211; Formulieren von Stellenspezifischen Anschreiben und Lebenslauf (z.B. Online-Bewerbung, Interaktive Bewerbung, klassische Bewerbung, &#8230;)<\/li>\n<li>Individuelle dozentengest\u00fctzte Ausarbeitung der Bewerbungsunterlagen an EDV-Arbeitspl\u00e4tzen<\/li>\n<li>&#8222;Meine Bewerbung ist meine Vorbereitung auf mein Vorstellungsgespr\u00e4ch&#8220;-<\/li>\n<\/ul>\n<hr \/>\n<p><strong>Vorteil<\/strong><\/p>\n<p><strong>Seminardauer:<br \/>\n<\/strong><\/p>\n<p>Kleingruppe mit max. 6 Teilnehmer<\/p>\n<p>60 UE<\/p>\n<p>Montag bis Donnerstag 9:00 bis 16:30 h, Freitag 9:00 bis 14:30 h (Teilzeit und berufsbegleitend auf Anfrage)<\/p>\n<hr \/>\n<p><strong>Voraussetzungen f\u00fcr die Teilnahme<\/strong><\/p>\n<ul>\n<li>Bildungsgutschein der Agentur f\u00fcr Arbeit oder des Jobcenters; sonstige Tr\u00e4ger bitte anfragen<\/li>\n<li>Deutschkenntnisse mindestens B1\n<p class=\"hide-if-no-js\"><a id=\"set-post-thumbnail\" class=\"thickbox\" href=\"http:\/\/kommunikation.gaertnerhkk.de\/wp-admin\/media-upload.php?post_id=776&amp;type=image&amp;TB_iframe=1\"><img loading=\"lazy\" decoding=\"async\" class=\"attachment-266x266 alignright\" src=\"http:\/\/kommunikation.gaertnerhkk.de\/wp-content\/uploads\/2015\/06\/hh_GZQ_Siegel_T_AZAV_RGB.jpg\" sizes=\"(max-width: 266px) 100vw, 266px\" srcset=\"http:\/\/kommunikation.gaertnerhkk.de\/wp-content\/uploads\/2015\/06\/hh_GZQ_Siegel_T_AZAV_RGB.jpg 472w, http:\/\/kommunikation.gaertnerhkk.de\/wp-content\/uploads\/2015\/06\/hh_GZQ_Siegel_T_AZAV_RGB-300x224.jpg 300w\" alt=\"hh_GZQ_Siegel_T_AZAV_RGB\" width=\"172\" height=\"100\" \/><\/a><\/p>\n<\/li>\n<li>Lebenslaufdaten, Zeugnisse und Arbeitsnachweise<\/li>\n<\/ul>\n<p><strong>Sie haben Interesse an einem Seminar? Wir beraten Sie gerne!<\/strong><\/p>\n<p>Termine:<\/p>\n<p>Rufen Sie uns an: <strong>0 68 31 \u2013 5 00 37 56<\/strong> oder hinterlassen Sie uns eine Nachricht \u00fcber das<\/p>\n<p><a href=\"http:\/\/kommunikation.gaertnerhkk.de\/?page_id=464\" target=\"_blank\">Kontaktformular<\/a><\/p>\n","protected":false},"excerpt":{"rendered":"AZAV Zertifizierte Weiterbildung Fit f\u00fcr die Bewerbung &#8211; Ein Seminar f\u00fcr Anf\u00e4nger und Fortgeschrittene Lernen Sie Ihre individuellen beruflichen und pers\u00f6nlichen F\u00e4higkeiten und Kenntnisse arbeitsmarktgerecht zu pr\u00e4sentieren. Mit unserem Bewerbungscoaching gehen wir passgenau auf individuelle Bed\u00fcrfnisse und den jeweiligen Kenntnisstand unserer Mandanen ein. Sicherheit im Umgang mit EDV und modernen Medien sind ein positiver Begleiteffekt. ","protected":false},"author":1,"featured_media":1306,"parent":41,"menu_order":0,"comment_status":"open","ping_status":"open","template":"","meta":{"footnotes":""},"class_list":["post-776","page","type-page","status-publish","has-post-thumbnail","hentry"],"yoast_head":"<!-- This site is optimized with the Yoast SEO plugin v23.1 - https:\/\/yoast.com\/wordpress\/plugins\/seo\/ -->\n<title>Bewerbungscoaching - gaertner hkk<\/title>\n<meta name=\"robots\" content=\"index, follow, max-snippet:-1, max-image-preview:large, max-video-preview:-1\" \/>\n<link rel=\"canonical\" href=\"http:\/\/kommunikation.gaertnerhkk.de\/?page_id=776\" \/>\n<meta property=\"og:locale\" content=\"de_DE\" \/>\n<meta property=\"og:type\" content=\"article\" \/>\n<meta property=\"og:title\" content=\"Bewerbungscoaching - gaertner hkk\" \/>\n<meta property=\"og:description\" content=\"AZAV Zertifizierte Weiterbildung Fit f\u00fcr die Bewerbung &#8211; Ein Seminar f\u00fcr Anf\u00e4nger und Fortgeschrittene Lernen Sie Ihre individuellen beruflichen und pers\u00f6nlichen F\u00e4higkeiten und Kenntnisse arbeitsmarktgerecht zu pr\u00e4sentieren. Mit unserem Bewerbungscoaching gehen wir passgenau auf individuelle Bed\u00fcrfnisse und den jeweiligen Kenntnisstand unserer Mandanen ein. Sicherheit im Umgang mit EDV und modernen Medien sind ein positiver Begleiteffekt.\" \/>\n<meta property=\"og:url\" content=\"http:\/\/kommunikation.gaertnerhkk.de\/?page_id=776\" \/>\n<meta property=\"og:site_name\" content=\"gaertner hkk\" \/>\n<meta property=\"article:publisher\" content=\"https:\/\/www.facebook.com\/gaertnerhkk.de\" \/>\n<meta property=\"article:modified_time\" content=\"2016-07-27T10:58:52+00:00\" \/>\n<meta property=\"og:image\" content=\"http:\/\/kommunikation.gaertnerhkk.de\/wp-content\/uploads\/2016\/07\/Header-2a-1-e1469528943593.jpg\" \/>\n\t<meta property=\"og:image:width\" content=\"1332\" \/>\n\t<meta property=\"og:image:height\" content=\"466\" \/>\n\t<meta property=\"og:image:type\" content=\"image\/jpeg\" \/>\n<meta name=\"twitter:card\" content=\"summary_large_image\" \/>\n<meta name=\"twitter:label1\" content=\"Gesch\u00e4tzte Lesezeit\" \/>\n\t<meta name=\"twitter:data1\" content=\"1 Minute\" \/>\n<script type=\"application\/ld+json\" class=\"yoast-schema-graph\">{\"@context\":\"https:\/\/schema.org\",\"@graph\":[{\"@type\":\"WebPage\",\"@id\":\"http:\/\/kommunikation.gaertnerhkk.de\/?page_id=776\",\"url\":\"http:\/\/kommunikation.gaertnerhkk.de\/?page_id=776\",\"name\":\"Bewerbungscoaching - gaertner hkk\",\"isPartOf\":{\"@id\":\"http:\/\/kommunikation.gaertnerhkk.de\/#website\"},\"primaryImageOfPage\":{\"@id\":\"http:\/\/kommunikation.gaertnerhkk.de\/?page_id=776#primaryimage\"},\"image\":{\"@id\":\"http:\/\/kommunikation.gaertnerhkk.de\/?page_id=776#primaryimage\"},\"thumbnailUrl\":\"http:\/\/kommunikation.gaertnerhkk.de\/wp-content\/uploads\/2016\/07\/Header-2a-1-e1469528943593.jpg\",\"datePublished\":\"2015-07-17T12:14:03+00:00\",\"dateModified\":\"2016-07-27T10:58:52+00:00\",\"breadcrumb\":{\"@id\":\"http:\/\/kommunikation.gaertnerhkk.de\/?page_id=776#breadcrumb\"},\"inLanguage\":\"de-DE\",\"potentialAction\":[{\"@type\":\"ReadAction\",\"target\":[\"http:\/\/kommunikation.gaertnerhkk.de\/?page_id=776\"]}]},{\"@type\":\"ImageObject\",\"inLanguage\":\"de-DE\",\"@id\":\"http:\/\/kommunikation.gaertnerhkk.de\/?page_id=776#primaryimage\",\"url\":\"http:\/\/kommunikation.gaertnerhkk.de\/wp-content\/uploads\/2016\/07\/Header-2a-1-e1469528943593.jpg\",\"contentUrl\":\"http:\/\/kommunikation.gaertnerhkk.de\/wp-content\/uploads\/2016\/07\/Header-2a-1-e1469528943593.jpg\",\"width\":1332,\"height\":466},{\"@type\":\"BreadcrumbList\",\"@id\":\"http:\/\/kommunikation.gaertnerhkk.de\/?page_id=776#breadcrumb\",\"itemListElement\":[{\"@type\":\"ListItem\",\"position\":1,\"name\":\"Home\",\"item\":\"http:\/\/kommunikation.gaertnerhkk.de\/\"},{\"@type\":\"ListItem\",\"position\":2,\"name\":\"Angebot\",\"item\":\"http:\/\/kommunikation.gaertnerhkk.de\/?page_id=41\"},{\"@type\":\"ListItem\",\"position\":3,\"name\":\"Bewerbungscoaching\"}]},{\"@type\":\"WebSite\",\"@id\":\"http:\/\/kommunikation.gaertnerhkk.de\/#website\",\"url\":\"http:\/\/kommunikation.gaertnerhkk.de\/\",\"name\":\"gaertner hkk\",\"description\":\"Bildungsmanufaktur\",\"potentialAction\":[{\"@type\":\"SearchAction\",\"target\":{\"@type\":\"EntryPoint\",\"urlTemplate\":\"http:\/\/kommunikation.gaertnerhkk.de\/?s={search_term_string}\"},\"query-input\":\"required name=search_term_string\"}],\"inLanguage\":\"de-DE\"}]}<\/script>\n<!-- \/ Yoast SEO plugin. -->","yoast_head_json":{"title":"Bewerbungscoaching - gaertner hkk","robots":{"index":"index","follow":"follow","max-snippet":"max-snippet:-1","max-image-preview":"max-image-preview:large","max-video-preview":"max-video-preview:-1"},"canonical":"http:\/\/kommunikation.gaertnerhkk.de\/?page_id=776","og_locale":"de_DE","og_type":"article","og_title":"Bewerbungscoaching - gaertner hkk","og_description":"AZAV Zertifizierte Weiterbildung Fit f\u00fcr die Bewerbung &#8211; Ein Seminar f\u00fcr Anf\u00e4nger und Fortgeschrittene Lernen Sie Ihre individuellen beruflichen und pers\u00f6nlichen F\u00e4higkeiten und Kenntnisse arbeitsmarktgerecht zu pr\u00e4sentieren. Mit unserem Bewerbungscoaching gehen wir passgenau auf individuelle Bed\u00fcrfnisse und den jeweiligen Kenntnisstand unserer Mandanen ein. Sicherheit im Umgang mit EDV und modernen Medien sind ein positiver Begleiteffekt.","og_url":"http:\/\/kommunikation.gaertnerhkk.de\/?page_id=776","og_site_name":"gaertner hkk","article_publisher":"https:\/\/www.facebook.com\/gaertnerhkk.de","article_modified_time":"2016-07-27T10:58:52+00:00","og_image":[{"width":1332,"height":466,"url":"http:\/\/kommunikation.gaertnerhkk.de\/wp-content\/uploads\/2016\/07\/Header-2a-1-e1469528943593.jpg","type":"image\/jpeg"}],"twitter_card":"summary_large_image","twitter_misc":{"Gesch\u00e4tzte Lesezeit":"1 Minute"},"schema":{"@context":"https:\/\/schema.org","@graph":[{"@type":"WebPage","@id":"http:\/\/kommunikation.gaertnerhkk.de\/?page_id=776","url":"http:\/\/kommunikation.gaertnerhkk.de\/?page_id=776","name":"Bewerbungscoaching - gaertner hkk","isPartOf":{"@id":"http:\/\/kommunikation.gaertnerhkk.de\/#website"},"primaryImageOfPage":{"@id":"http:\/\/kommunikation.gaertnerhkk.de\/?page_id=776#primaryimage"},"image":{"@id":"http:\/\/kommunikation.gaertnerhkk.de\/?page_id=776#primaryimage"},"thumbnailUrl":"http:\/\/kommunikation.gaertnerhkk.de\/wp-content\/uploads\/2016\/07\/Header-2a-1-e1469528943593.jpg","datePublished":"2015-07-17T12:14:03+00:00","dateModified":"2016-07-27T10:58:52+00:00","breadcrumb":{"@id":"http:\/\/kommunikation.gaertnerhkk.de\/?page_id=776#breadcrumb"},"inLanguage":"de-DE","potentialAction":[{"@type":"ReadAction","target":["http:\/\/kommunikation.gaertnerhkk.de\/?page_id=776"]}]},{"@type":"ImageObject","inLanguage":"de-DE","@id":"http:\/\/kommunikation.gaertnerhkk.de\/?page_id=776#primaryimage","url":"http:\/\/kommunikation.gaertnerhkk.de\/wp-content\/uploads\/2016\/07\/Header-2a-1-e1469528943593.jpg","contentUrl":"http:\/\/kommunikation.gaertnerhkk.de\/wp-content\/uploads\/2016\/07\/Header-2a-1-e1469528943593.jpg","width":1332,"height":466},{"@type":"BreadcrumbList","@id":"http:\/\/kommunikation.gaertnerhkk.de\/?page_id=776#breadcrumb","itemListElement":[{"@type":"ListItem","position":1,"name":"Home","item":"http:\/\/kommunikation.gaertnerhkk.de\/"},{"@type":"ListItem","position":2,"name":"Angebot","item":"http:\/\/kommunikation.gaertnerhkk.de\/?page_id=41"},{"@type":"ListItem","position":3,"name":"Bewerbungscoaching"}]},{"@type":"WebSite","@id":"http:\/\/kommunikation.gaertnerhkk.de\/#website","url":"http:\/\/kommunikation.gaertnerhkk.de\/","name":"gaertner hkk","description":"Bildungsmanufaktur","potentialAction":[{"@type":"SearchAction","target":{"@type":"EntryPoint","urlTemplate":"http:\/\/kommunikation.gaertnerhkk.de\/?s={search_term_string}"},"query-input":"required name=search_term_string"}],"inLanguage":"de-DE"}]}},"_links":{"self":[{"href":"http:\/\/kommunikation.gaertnerhkk.de\/index.php?rest_route=\/wp\/v2\/pages\/776"}],"collection":[{"href":"http:\/\/kommunikation.gaertnerhkk.de\/index.php?rest_route=\/wp\/v2\/pages"}],"about":[{"href":"http:\/\/kommunikation.gaertnerhkk.de\/index.php?rest_route=\/wp\/v2\/types\/page"}],"author":[{"embeddable":true,"href":"http:\/\/kommunikation.gaertnerhkk.de\/index.php?rest_route=\/wp\/v2\/users\/1"}],"replies":[{"embeddable":true,"href":"http:\/\/kommunikation.gaertnerhkk.de\/index.php?rest_route=%2Fwp%2Fv2%2Fcomments&post=776"}],"version-history":[{"count":8,"href":"http:\/\/kommunikation.gaertnerhkk.de\/index.php?rest_route=\/wp\/v2\/pages\/776\/revisions"}],"predecessor-version":[{"id":907,"href":"http:\/\/kommunikation.gaertnerhkk.de\/index.php?rest_route=\/wp\/v2\/pages\/776\/revisions\/907"}],"up":[{"embeddable":true,"href":"http:\/\/kommunikation.gaertnerhkk.de\/index.php?rest_route=\/wp\/v2\/pages\/41"}],"wp:featuredmedia":[{"embeddable":true,"href":"http:\/\/kommunikation.gaertnerhkk.de\/index.php?rest_route=\/wp\/v2\/media\/1306"}],"wp:attachment":[{"href":"http:\/\/kommunikation.gaertnerhkk.de\/index.php?rest_route=%2Fwp%2Fv2%2Fmedia&parent=776"}],"curies":[{"name":"wp","href":"https:\/\/api.w.org\/{rel}","templated":true}]}}